{"id":2820,"date":"2024-09-30T14:55:04","date_gmt":"2024-09-30T12:55:04","guid":{"rendered":"https:\/\/mostanantes.com\/?page_id=2820"},"modified":"2026-01-21T11:27:36","modified_gmt":"2026-01-21T10:27:36","slug":"the-parachute","status":"publish","type":"page","link":"https:\/\/mostanantes.com\/index.php\/the-parachute\/","title":{"rendered":"THE PARACHUTE"},"content":{"rendered":"\n<h3 class=\"wp-block-heading has-text-align-center has-geist-font-family\">THE PARACHUTE<\/h3>\n\n\n\n<figure class=\"wp-block-image size-full\"><img loading=\"lazy\" decoding=\"async\" width=\"1124\" height=\"1125\" src=\"https:\/\/mostanantes.com\/wp-content\/uploads\/2024\/04\/PIC-e1712353257800.jpg\" alt=\"\" class=\"wp-image-2822\" srcset=\"https:\/\/mostanantes.com\/wp-content\/uploads\/2024\/04\/PIC-e1712353257800.jpg 1124w, https:\/\/mostanantes.com\/wp-content\/uploads\/2024\/04\/PIC-e1712353257800-150x150.jpg 150w, https:\/\/mostanantes.com\/wp-content\/uploads\/2024\/04\/PIC-e1712353257800-768x769.jpg 768w\" sizes=\"auto, (max-width: 1124px) 100vw, 1124px\" \/><\/figure>\n\n\n\n<h2 class=\"wp-block-heading has-text-align-center\"><\/h2>\n\n\n\n<p class=\"has-text-align-right\" style=\"font-size:11px\"><\/p>\n\n\n\n<details class=\"wp-block-details is-layout-flow wp-block-details-is-layout-flow\" open><summary><em>FR<\/em><\/summary>\n<p class=\"has-text-align-left has-geist-font-family\">A lire leur nom, on pourrait pr\u00e9sager qu\u2019ils soient anim\u00e9s par une certaine prudence retentissante, celle qui induit \u00e0 employer toutes les pr\u00e9cautions d\u2019usage pour \u00e9carter tout risque de blessure. <\/p>\n\n\n\n<p class=\"has-text-align-left has-geist-font-family\">Pourtant, le tonus qui habite ce quatuor d\u2019adolescents, au m\u00eame titre que les voisins Dynamite Shakers, n\u2019a rien d\u2019h\u00e9sitant : il d\u00e9ploie sauvagement l\u2019effronterie typique d\u2019une jeunesse d\u00e9sincarn\u00e9e dont la charge ne s\u2019\u00e9puise jamais et dont l\u2019assurance les a d\u00e9j\u00e0 fig\u00e9s et sculpt\u00e9s \u00e0 l\u2019acier inoxydable dans la sc\u00e8ne locale nantaise, \u00e0 cot\u00e9 de leurs a\u00een\u00e9s. Ces 20th century boys (en r\u00e9adaptant le titre de leur premier single, 20th century girl ) n\u2019ont alors pas besoin de parachute, ils nagent en style libre avec aisance instrumentale, guitares glissantes , rythmes exp\u00e9ditifs et voix assum\u00e9es et indubitables, tricotant un garage\/indie rock qui semble exhumer les naissants Arctic Monkeys ou encore les Strokes, sans pour autant sacrifier l\u2019authenticit\u00e9 et la fra\u00eecheur d\u2019une nouvelle g\u00e9n\u00e9ration dont ils sont les dignes repr\u00e9sentants.<\/p>\n\n\n\n<p class=\"has-text-align-left\"><\/p>\n<\/details>\n\n\n\n<blockquote class=\"wp-block-quote is-layout-flow wp-block-quote-is-layout-flow\">\n<p><\/p>\n<\/blockquote>\n\n\n\n<blockquote class=\"wp-block-quote is-layout-flow wp-block-quote-is-layout-flow\">\n<p><\/p>\n<\/blockquote>\n\n\n\n<details class=\"wp-block-details has-geist-font-family is-layout-flow wp-block-details-is-layout-flow\"><summary><em>EN<\/em><\/summary>\n<p><\/p>\n<\/details>\n\n\n\n<h4 class=\"wp-block-heading has-text-align-center has-geist-font-family\">LATEST RELEASE<\/h4>\n\n\n\n<div class=\"wp-block-media-text is-stacked-on-mobile\"><figure class=\"wp-block-media-text__media\"><a href=\"https:\/\/the-parachute.bandcamp.com\/album\/the-parachute\"><img loading=\"lazy\" decoding=\"async\" width=\"1200\" height=\"1200\" src=\"https:\/\/mostanantes.com\/wp-content\/uploads\/2025\/11\/BC.jpg\" alt=\"\" class=\"wp-image-4506 size-full\" srcset=\"https:\/\/mostanantes.com\/wp-content\/uploads\/2025\/11\/BC.jpg 1200w, https:\/\/mostanantes.com\/wp-content\/uploads\/2025\/11\/BC-150x150.jpg 150w, https:\/\/mostanantes.com\/wp-content\/uploads\/2025\/11\/BC-768x768.jpg 768w\" sizes=\"auto, (max-width: 1200px) 100vw, 1200px\" \/><\/a><\/figure><div class=\"wp-block-media-text__content\">\n<p class=\"has-text-align-center has-geist-font-family has-extra-large-font-size\"><strong>THE PARACHUTE EP &#8211; 2024<\/strong><\/p>\n<\/div><\/div>\n\n\n\n<figure class=\"wp-block-embed is-type-video is-provider-youtube wp-block-embed-youtube wp-embed-aspect-16-9 wp-has-aspect-ratio\"><div class=\"wp-block-embed__wrapper\">\n<iframe loading=\"lazy\" title=\"THE PARACHUTE (FULL EP)\" width=\"500\" height=\"281\" src=\"https:\/\/www.youtube.com\/embed\/8fg0UHqyPdU?feature=oembed\" frameborder=\"0\" allow=\"accelerometer; autoplay; clipboard-write; encrypted-media; gyroscope; picture-in-picture; web-share\" referrerpolicy=\"strict-origin-when-cross-origin\" allowfullscreen><\/iframe>\n<\/div><\/figure>\n\n\n\n<h4 class=\"wp-block-heading has-text-align-center\"><\/h4>\n\n\n\n<h4 class=\"wp-block-heading has-text-align-center has-geist-font-family\">NEXT SHOWS<\/h4>\n\n\n\n<p class=\"has-text-align-center has-geist-font-family\">EU\/UK TOUR &#8211; 07\/05\/26 &#8211; 29\/05\/26<\/p>\n\n\n\n<h4 class=\"wp-block-heading has-text-align-center has-geist-font-family\">PAST TOURS<\/h4>\n\n\n\n<figure class=\"wp-block-image size-full\"><img loading=\"lazy\" decoding=\"async\" width=\"3508\" height=\"4961\" src=\"https:\/\/mostanantes.com\/wp-content\/uploads\/2024\/11\/POSTER-TOUR.png\" alt=\"\" class=\"wp-image-3427\" srcset=\"https:\/\/mostanantes.com\/wp-content\/uploads\/2024\/11\/POSTER-TOUR.png 3508w, https:\/\/mostanantes.com\/wp-content\/uploads\/2024\/11\/POSTER-TOUR-106x150.png 106w, https:\/\/mostanantes.com\/wp-content\/uploads\/2024\/11\/POSTER-TOUR-768x1086.png 768w, https:\/\/mostanantes.com\/wp-content\/uploads\/2024\/11\/POSTER-TOUR-1086x1536.png 1086w, https:\/\/mostanantes.com\/wp-content\/uploads\/2024\/11\/POSTER-TOUR-1448x2048.png 1448w\" sizes=\"auto, (max-width: 3508px) 100vw, 3508px\" \/><\/figure>\n\n\n\n<p class=\"has-text-align-center has-geist-font-family\">Booking : contact@mostanantes.com<\/p>\n","protected":false},"excerpt":{"rendered":"<p>THE PARACHUTE LATEST RELEASE THE PARACHUTE EP &#8211; 2024 NEXT SHOWS EU\/UK TOUR &#8211; 07\/05\/26 &#8211; 29\/05\/26 PAST TOURS Booking : contact@mostanantes.com<\/p>\n","protected":false},"author":1,"featured_media":2822,"parent":0,"menu_order":24,"comment_status":"closed","ping_status":"closed","template":"","meta":{"footnotes":""},"categories":[63],"tags":[],"class_list":["post-2820","page","type-page","status-publish","has-post-thumbnail","hentry","category-booking"],"_links":{"self":[{"href":"https:\/\/mostanantes.com\/index.php\/wp-json\/wp\/v2\/pages\/2820","targetHints":{"allow":["GET"]}}],"collection":[{"href":"https:\/\/mostanantes.com\/index.php\/wp-json\/wp\/v2\/pages"}],"about":[{"href":"https:\/\/mostanantes.com\/index.php\/wp-json\/wp\/v2\/types\/page"}],"author":[{"embeddable":true,"href":"https:\/\/mostanantes.com\/index.php\/wp-json\/wp\/v2\/users\/1"}],"replies":[{"embeddable":true,"href":"https:\/\/mostanantes.com\/index.php\/wp-json\/wp\/v2\/comments?post=2820"}],"version-history":[{"count":54,"href":"https:\/\/mostanantes.com\/index.php\/wp-json\/wp\/v2\/pages\/2820\/revisions"}],"predecessor-version":[{"id":4775,"href":"https:\/\/mostanantes.com\/index.php\/wp-json\/wp\/v2\/pages\/2820\/revisions\/4775"}],"wp:featuredmedia":[{"embeddable":true,"href":"https:\/\/mostanantes.com\/index.php\/wp-json\/wp\/v2\/media\/2822"}],"wp:attachment":[{"href":"https:\/\/mostanantes.com\/index.php\/wp-json\/wp\/v2\/media?parent=2820"}],"wp:term":[{"taxonomy":"category","embeddable":true,"href":"https:\/\/mostanantes.com\/index.php\/wp-json\/wp\/v2\/categories?post=2820"},{"taxonomy":"post_tag","embeddable":true,"href":"https:\/\/mostanantes.com\/index.php\/wp-json\/wp\/v2\/tags?post=2820"}],"curies":[{"name":"wp","href":"https:\/\/api.w.org\/{rel}","templated":true}]}}