{"id":2986,"date":"2024-08-30T18:17:22","date_gmt":"2024-08-30T16:17:22","guid":{"rendered":"https:\/\/mostanantes.com\/?page_id=2986"},"modified":"2026-01-21T11:27:36","modified_gmt":"2026-01-21T10:27:36","slug":"yar-2","status":"publish","type":"page","link":"https:\/\/mostanantes.com\/index.php\/yar-2\/","title":{"rendered":"YAR"},"content":{"rendered":"\n<h3 class=\"wp-block-heading has-text-align-center has-geist-font-family\">YAR<\/h3>\n\n\n\n<p class=\"has-text-align-center has-geist-font-family\">Paris, FR<\/p>\n\n\n\n<figure class=\"wp-block-image size-full\"><img loading=\"lazy\" decoding=\"async\" width=\"1080\" height=\"1080\" src=\"https:\/\/mostanantes.com\/wp-content\/uploads\/2024\/07\/TOF.png\" alt=\"\" class=\"wp-image-2989\" srcset=\"https:\/\/mostanantes.com\/wp-content\/uploads\/2024\/07\/TOF.png 1080w, https:\/\/mostanantes.com\/wp-content\/uploads\/2024\/07\/TOF-150x150.png 150w, https:\/\/mostanantes.com\/wp-content\/uploads\/2024\/07\/TOF-768x768.png 768w\" sizes=\"auto, (max-width: 1080px) 100vw, 1080px\" \/><\/figure>\n\n\n\n<h3 class=\"wp-block-heading has-text-align-center has-geist-font-family\"><\/h3>\n\n\n\n<details class=\"wp-block-details has-geist-font-family is-layout-flow wp-block-details-is-layout-flow\" open><summary><em>FR<\/em><\/summary>\n<p class=\"has-text-align-left has-geist-font-family\">\u00c9mergeant de la sc\u00e8ne underground parisienne, les YAR d\u00e9gagent, \u00e0 leurs dires, une \u00ab strange wave \u00bb qui est l\u2019aboutissement volontaire d\u2019une hybridation survenue apr\u00e8s la rencontre entre le mouvement no wave et des timbres post-punk. Comme dans un tableau expressionniste, o\u00f9<\/p>\n\n\n\n<p class=\"has-text-align-left has-geist-font-family\">les formes perp\u00e9tuent la recherche d\u2019une \u00e9ni\u00e8me d\u00e9formation, les YAR se livrent \u00e0 une spontan\u00e9it\u00e9 qui exclut la possibilit\u00e9 de toute ligne droite : ravag\u00e9s par un monde se r\u00e9fl\u00e9chissant lui-m\u00eame, dangereusement, dans l\u2019ab\u00eeme, leur engagement politique \u00e9tablit une alliance pertinente avec une substance sonore brute et des patterns synth\u00e9tiques qui, d\u00e9gageant un profond sentiment de d\u00e9connexion, lyriques et tortueux (comme les branches d\u2019un arbre mill\u00e9naire), semblent nous parvenir en code morse d\u2019une galaxie lointaine et inhabit\u00e9e.<\/p>\n<\/details>\n\n\n\n<details class=\"wp-block-details has-geist-font-family is-layout-flow wp-block-details-is-layout-flow\"><summary><em>EN<\/em><\/summary>\n<p class=\"has-geist-font-family\"><\/p>\n<\/details>\n\n\n\n<blockquote class=\"wp-block-quote is-layout-flow wp-block-quote-is-layout-flow\">\n<p><\/p>\n<\/blockquote>\n\n\n\n<blockquote class=\"wp-block-quote is-layout-flow wp-block-quote-is-layout-flow\">\n<p><\/p>\n<\/blockquote>\n\n\n\n<h4 class=\"wp-block-heading has-text-align-center has-geist-font-family\">LATEST RELEASE<\/h4>\n\n\n\n<div class=\"wp-block-media-text is-stacked-on-mobile\"><figure class=\"wp-block-media-text__media\"><a href=\"https:\/\/mostanantes.bandcamp.com\/album\/hysteresis\"><img loading=\"lazy\" decoding=\"async\" width=\"1400\" height=\"1400\" src=\"https:\/\/mostanantes.com\/wp-content\/uploads\/2025\/11\/COVER-BC-2.png\" alt=\"\" class=\"wp-image-4594 size-full\" srcset=\"https:\/\/mostanantes.com\/wp-content\/uploads\/2025\/11\/COVER-BC-2.png 1400w, https:\/\/mostanantes.com\/wp-content\/uploads\/2025\/11\/COVER-BC-2-150x150.png 150w, https:\/\/mostanantes.com\/wp-content\/uploads\/2025\/11\/COVER-BC-2-768x768.png 768w\" sizes=\"auto, (max-width: 1400px) 100vw, 1400px\" \/><\/a><\/figure><div class=\"wp-block-media-text__content\">\n<p class=\"has-text-align-right has-geist-font-family has-extra-large-font-size\"><strong>HYSTERESIS &#8211; LP 2024<\/strong><\/p>\n<\/div><\/div>\n\n\n\n<figure class=\"wp-block-embed is-type-video is-provider-youtube wp-block-embed-youtube wp-embed-aspect-16-9 wp-has-aspect-ratio\"><div class=\"wp-block-embed__wrapper\">\n<iframe loading=\"lazy\" title=\"YAR - WASTE  (official video)\" width=\"500\" height=\"281\" src=\"https:\/\/www.youtube.com\/embed\/EXAWJOB9yv0?feature=oembed\" frameborder=\"0\" allow=\"accelerometer; autoplay; clipboard-write; encrypted-media; gyroscope; picture-in-picture; web-share\" referrerpolicy=\"strict-origin-when-cross-origin\" allowfullscreen><\/iframe>\n<\/div><\/figure>\n\n\n\n<h4 class=\"wp-block-heading has-text-align-center has-geist-font-family\"><\/h4>\n\n\n\n<h4 class=\"wp-block-heading has-text-align-center has-geist-font-family\">NEXT SHOWS<\/h4>\n\n\n\n<figure class=\"wp-block-table has-geist-font-family\"><table class=\"has-fixed-layout\"><tbody><tr><td>22\/01\/2026<\/td><td class=\"has-text-align-center\" data-align=\"center\">Nantes, FEU<\/td><\/tr><\/tbody><\/table><\/figure>\n\n\n\n<h4 class=\"wp-block-heading has-text-align-center has-geist-font-family\"><\/h4>\n\n\n\n<p class=\"has-text-align-center has-geist-font-family\">Get in touch : contact@mostanantes.com<\/p>\n","protected":false},"excerpt":{"rendered":"<p>YAR Paris, FR LATEST RELEASE HYSTERESIS &#8211; LP 2024 NEXT SHOWS 22\/01\/2026 Nantes, FEU Get in touch : contact@mostanantes.com<\/p>\n","protected":false},"author":1,"featured_media":2989,"parent":0,"menu_order":28,"comment_status":"closed","ping_status":"closed","template":"","meta":{"footnotes":""},"categories":[63],"tags":[],"class_list":["post-2986","page","type-page","status-publish","has-post-thumbnail","hentry","category-booking"],"_links":{"self":[{"href":"https:\/\/mostanantes.com\/index.php\/wp-json\/wp\/v2\/pages\/2986","targetHints":{"allow":["GET"]}}],"collection":[{"href":"https:\/\/mostanantes.com\/index.php\/wp-json\/wp\/v2\/pages"}],"about":[{"href":"https:\/\/mostanantes.com\/index.php\/wp-json\/wp\/v2\/types\/page"}],"author":[{"embeddable":true,"href":"https:\/\/mostanantes.com\/index.php\/wp-json\/wp\/v2\/users\/1"}],"replies":[{"embeddable":true,"href":"https:\/\/mostanantes.com\/index.php\/wp-json\/wp\/v2\/comments?post=2986"}],"version-history":[{"count":7,"href":"https:\/\/mostanantes.com\/index.php\/wp-json\/wp\/v2\/pages\/2986\/revisions"}],"predecessor-version":[{"id":4776,"href":"https:\/\/mostanantes.com\/index.php\/wp-json\/wp\/v2\/pages\/2986\/revisions\/4776"}],"wp:featuredmedia":[{"embeddable":true,"href":"https:\/\/mostanantes.com\/index.php\/wp-json\/wp\/v2\/media\/2989"}],"wp:attachment":[{"href":"https:\/\/mostanantes.com\/index.php\/wp-json\/wp\/v2\/media?parent=2986"}],"wp:term":[{"taxonomy":"category","embeddable":true,"href":"https:\/\/mostanantes.com\/index.php\/wp-json\/wp\/v2\/categories?post=2986"},{"taxonomy":"post_tag","embeddable":true,"href":"https:\/\/mostanantes.com\/index.php\/wp-json\/wp\/v2\/tags?post=2986"}],"curies":[{"name":"wp","href":"https:\/\/api.w.org\/{rel}","templated":true}]}}