{"id":3629,"date":"2024-10-01T14:15:32","date_gmt":"2024-10-01T12:15:32","guid":{"rendered":"https:\/\/mostanantes.com\/?page_id=3629"},"modified":"2026-01-21T11:27:36","modified_gmt":"2026-01-21T10:27:36","slug":"teo-2","status":"publish","type":"page","link":"https:\/\/mostanantes.com\/index.php\/teo-2\/","title":{"rendered":"TEO?"},"content":{"rendered":"\n<h3 class=\"wp-block-heading has-text-align-center has-geist-font-family\">TEO?<\/h3>\n\n\n\n<p class=\"has-text-align-center has-geist-font-family\">Nantes, FR<\/p>\n\n\n\n<figure class=\"wp-block-image size-full\"><img loading=\"lazy\" decoding=\"async\" width=\"798\" height=\"798\" src=\"https:\/\/mostanantes.com\/wp-content\/uploads\/2025\/01\/teo-e1736258125531.jpg\" alt=\"\" class=\"wp-image-3630\" srcset=\"https:\/\/mostanantes.com\/wp-content\/uploads\/2025\/01\/teo-e1736258125531.jpg 798w, https:\/\/mostanantes.com\/wp-content\/uploads\/2025\/01\/teo-e1736258125531-150x150.jpg 150w, https:\/\/mostanantes.com\/wp-content\/uploads\/2025\/01\/teo-e1736258125531-768x768.jpg 768w\" sizes=\"auto, (max-width: 798px) 100vw, 798px\" \/><\/figure>\n\n\n\n<h3 class=\"wp-block-heading has-text-align-center has-geist-font-family\"><\/h3>\n\n\n\n<details class=\"wp-block-details has-geist-font-family is-layout-flow wp-block-details-is-layout-flow\" open><summary><em>FR<\/em><\/summary>\n<p class=\"has-text-align-left has-geist-font-family\">En 1946, en surfant la vague de la Guerre des Mondes d&rsquo;Orson Welles, Jean Nocher semait la panique chez les auditeurs radiophoniques : son \u00ab age atomique \u00bb brisait les fronti\u00e8res du r\u00e9el et le r\u00e9cit bouleversant d&rsquo;une catastrophe imminente r\u00e9ussit \u00e0 faire rebondir, par le d\u00e9ploiement bien orchestr\u00e9 d&rsquo;une mati\u00e8re fictionnelle, des milliers de gens sur leur chaise.C&rsquo;est par le m\u00eame mauvais pr\u00e9sage que l&rsquo;album de Teo s&rsquo;ouvre \u00e0 nos yeux : il est port\u00e9 par des \u00ab corbeaux \u00bb et sa nature partage la m\u00eame doctrine magn\u00e9tique et hypnotique que ses h\u00e9ritiers litt\u00e9raires : elle envo\u00fbte, elle d\u00e9stabilise, elle est multiple car elle fait appel \u00e0 ces labyrinthes instables et improvis\u00e9s qui co\u00efncident avec le spectre h\u00e9t\u00e9rog\u00e8ne des \u00e9motions humaines. De grands \u00e9lans instrumentaux, o\u00f9 la voix s&rsquo;ins\u00e8re presque avec discr\u00e9tion, tissent un environnement imag\u00e9 qui s&rsquo;apparente aux grandes histoires cin\u00e9matographiques. De la pause solennelle d&rsquo;arp\u00e8ges satur\u00e9s aux breakdowns saccad\u00e9s \u00e0 couper le souffle, greff\u00e9s \u00e0 des percussions furieuses qu&rsquo;un saxophone d\u00e9brid\u00e9 coupe au couteau bien aiguis\u00e9, du free jazz qui s&#8217;empreint de teintes eschatologiques au d\u00e9raillement psych\u00e9d\u00e9lique, du post-rock aux envols a\u00e9riens du stoner, de l&rsquo;explosion exog\u00e8ne au recueillement intime: tous les ingr\u00e9dients sont r\u00e9unis pour que l&rsquo;exp\u00e9rience de Last Yawnings soit \u00e0 la fois ali\u00e9n\u00e9e et lib\u00e9ratrice, \u00e0 l&rsquo;image de notre g\u00e9n\u00e9ration.<\/p>\n<\/details>\n\n\n\n<details class=\"wp-block-details has-geist-font-family is-layout-flow wp-block-details-is-layout-flow\"><summary><em>EN<\/em><\/summary>\n<p class=\"has-geist-font-family\"><\/p>\n<\/details>\n\n\n\n<blockquote class=\"wp-block-quote is-layout-flow wp-block-quote-is-layout-flow\">\n<p><\/p>\n<\/blockquote>\n\n\n\n<blockquote class=\"wp-block-quote is-layout-flow wp-block-quote-is-layout-flow\">\n<p><\/p>\n<\/blockquote>\n\n\n\n<h4 class=\"wp-block-heading has-text-align-center has-geist-font-family\">LATEST RELEASE<\/h4>\n\n\n\n<div class=\"wp-block-media-text is-stacked-on-mobile\"><figure class=\"wp-block-media-text__media\"><a href=\"https:\/\/teolbn.bandcamp.com\/album\/last-yawnings?label=816915795&amp;tab=music\"><img loading=\"lazy\" decoding=\"async\" width=\"1400\" height=\"1400\" src=\"https:\/\/mostanantes.com\/wp-content\/uploads\/2025\/11\/cover.png\" alt=\"\" class=\"wp-image-4597 size-full\" srcset=\"https:\/\/mostanantes.com\/wp-content\/uploads\/2025\/11\/cover.png 1400w, https:\/\/mostanantes.com\/wp-content\/uploads\/2025\/11\/cover-150x150.png 150w, https:\/\/mostanantes.com\/wp-content\/uploads\/2025\/11\/cover-768x768.png 768w\" sizes=\"auto, (max-width: 1400px) 100vw, 1400px\" \/><\/a><\/figure><div class=\"wp-block-media-text__content\">\n<p class=\"has-text-align-right has-geist-font-family has-extra-large-font-size\"><strong>LAST YAWNINGS &#8211; EP 2024<\/strong><\/p>\n<\/div><\/div>\n\n\n\n<figure class=\"wp-block-embed is-type-video is-provider-youtube wp-block-embed-youtube wp-embed-aspect-16-9 wp-has-aspect-ratio\"><div class=\"wp-block-embed__wrapper\">\n<iframe loading=\"lazy\" title=\"TEO? - Blind (Official Music Video)\" width=\"500\" height=\"281\" src=\"https:\/\/www.youtube.com\/embed\/Yj3yzwaYuSQ?feature=oembed\" frameborder=\"0\" allow=\"accelerometer; autoplay; clipboard-write; encrypted-media; gyroscope; picture-in-picture; web-share\" referrerpolicy=\"strict-origin-when-cross-origin\" allowfullscreen><\/iframe>\n<\/div><\/figure>\n\n\n\n<h4 class=\"wp-block-heading has-text-align-center has-geist-font-family\">LIVE SESSION<\/h4>\n\n\n\n<figure class=\"wp-block-embed is-type-video is-provider-youtube wp-block-embed-youtube wp-embed-aspect-16-9 wp-has-aspect-ratio\"><div class=\"wp-block-embed__wrapper\">\n<iframe loading=\"lazy\" title=\"Teo? - Movement (Live at Le Qu4tre)\" width=\"500\" height=\"281\" src=\"https:\/\/www.youtube.com\/embed\/XifaNJtXtus?feature=oembed\" frameborder=\"0\" allow=\"accelerometer; autoplay; clipboard-write; encrypted-media; gyroscope; picture-in-picture; web-share\" referrerpolicy=\"strict-origin-when-cross-origin\" allowfullscreen><\/iframe>\n<\/div><\/figure>\n\n\n\n<h4 class=\"wp-block-heading has-text-align-center has-geist-font-family\">NEXT SHOWS<\/h4>\n\n\n\n<p class=\"has-text-align-center has-geist-font-family\">more shows coming soon<\/p>\n\n\n\n<p class=\"has-text-align-center has-geist-font-family\">Get in touch : contact@mostanantes.com<\/p>\n","protected":false},"excerpt":{"rendered":"<p>TEO? Nantes, FR LATEST RELEASE LAST YAWNINGS &#8211; EP 2024 LIVE SESSION NEXT SHOWS more shows coming soon Get in touch : contact@mostanantes.com<\/p>\n","protected":false},"author":1,"featured_media":3630,"parent":0,"menu_order":23,"comment_status":"closed","ping_status":"closed","template":"","meta":{"footnotes":""},"categories":[63],"tags":[],"class_list":["post-3629","page","type-page","status-publish","has-post-thumbnail","hentry","category-booking"],"_links":{"self":[{"href":"https:\/\/mostanantes.com\/index.php\/wp-json\/wp\/v2\/pages\/3629","targetHints":{"allow":["GET"]}}],"collection":[{"href":"https:\/\/mostanantes.com\/index.php\/wp-json\/wp\/v2\/pages"}],"about":[{"href":"https:\/\/mostanantes.com\/index.php\/wp-json\/wp\/v2\/types\/page"}],"author":[{"embeddable":true,"href":"https:\/\/mostanantes.com\/index.php\/wp-json\/wp\/v2\/users\/1"}],"replies":[{"embeddable":true,"href":"https:\/\/mostanantes.com\/index.php\/wp-json\/wp\/v2\/comments?post=3629"}],"version-history":[{"count":7,"href":"https:\/\/mostanantes.com\/index.php\/wp-json\/wp\/v2\/pages\/3629\/revisions"}],"predecessor-version":[{"id":4774,"href":"https:\/\/mostanantes.com\/index.php\/wp-json\/wp\/v2\/pages\/3629\/revisions\/4774"}],"wp:featuredmedia":[{"embeddable":true,"href":"https:\/\/mostanantes.com\/index.php\/wp-json\/wp\/v2\/media\/3630"}],"wp:attachment":[{"href":"https:\/\/mostanantes.com\/index.php\/wp-json\/wp\/v2\/media?parent=3629"}],"wp:term":[{"taxonomy":"category","embeddable":true,"href":"https:\/\/mostanantes.com\/index.php\/wp-json\/wp\/v2\/categories?post=3629"},{"taxonomy":"post_tag","embeddable":true,"href":"https:\/\/mostanantes.com\/index.php\/wp-json\/wp\/v2\/tags?post=3629"}],"curies":[{"name":"wp","href":"https:\/\/api.w.org\/{rel}","templated":true}]}}