{"id":3635,"date":"2024-10-10T13:06:59","date_gmt":"2024-10-10T11:06:59","guid":{"rendered":"https:\/\/mostanantes.com\/?page_id=3635"},"modified":"2026-01-26T18:28:40","modified_gmt":"2026-01-26T17:28:40","slug":"the-bad-plug","status":"publish","type":"page","link":"https:\/\/mostanantes.com\/index.php\/the-bad-plug\/","title":{"rendered":"THE BAD PLUG"},"content":{"rendered":"\n<h3 class=\"wp-block-heading has-text-align-center has-geist-font-family\">THE BAD PLUG<\/h3>\n\n\n\n<p class=\"has-text-align-center has-geist-font-family\">Milano, ITA<\/p>\n\n\n\n<figure class=\"wp-block-image size-full\"><img loading=\"lazy\" decoding=\"async\" width=\"1617\" height=\"1617\" src=\"https:\/\/mostanantes.com\/wp-content\/uploads\/2025\/01\/THE-BAD-PLUG-scaled-e1736258809424.jpeg\" alt=\"\" class=\"wp-image-3636\" srcset=\"https:\/\/mostanantes.com\/wp-content\/uploads\/2025\/01\/THE-BAD-PLUG-scaled-e1736258809424.jpeg 1617w, https:\/\/mostanantes.com\/wp-content\/uploads\/2025\/01\/THE-BAD-PLUG-scaled-e1736258809424-150x150.jpeg 150w, https:\/\/mostanantes.com\/wp-content\/uploads\/2025\/01\/THE-BAD-PLUG-scaled-e1736258809424-768x768.jpeg 768w, https:\/\/mostanantes.com\/wp-content\/uploads\/2025\/01\/THE-BAD-PLUG-scaled-e1736258809424-1536x1536.jpeg 1536w\" sizes=\"auto, (max-width: 1617px) 100vw, 1617px\" \/><\/figure>\n\n\n\n<h3 class=\"wp-block-heading has-text-align-center has-geist-font-family\"><\/h3>\n\n\n\n<details class=\"wp-block-details has-geist-font-family is-layout-flow wp-block-details-is-layout-flow\" open><summary><em>FR<\/em><\/summary>\n<p class=\"has-text-align-left has-geist-font-family\">Arme blanche aiguis\u00e9e \u00e0 la main laissant transpara\u00eetre aux bords de la lame, d\u00e9goulinant, des liquides corporels provenant de quelques cadavres encore vivants, les Bad Plug fendent l\u2019\u00e9pais mur de brouillard (au potentiel toxique non n\u00e9gligeable) de l\u2019une des r\u00e9gions d\u2019Italie (la Lombardie) les plus industrialis\u00e9es. Porteurs d\u2019un synth punk sale, satur\u00e9, dont les hurlements \u00e0 la fois ennuy\u00e9s, enrag\u00e9s et d\u00e9sabus\u00e9s c\u00f4toient les codes sonores, narratifs et stylistiques du horror punk, ils mettent au monde, en 2022, leur premier EP sous forme de mati\u00e8re rance et purulente portant les initiales de leurs fid\u00e8les cr\u00e9ateurs (TBP). Dans l\u2019insomnie permanente, une nouvelle masse de membres inerte, soumise \u00e0 une haute tension \u00e9lectrique, ira bient\u00f4t s\u2019ajouter \u00e0 leur bestiaire : une sortie qui s\u2019annonce dantesque.<\/p>\n<\/details>\n\n\n\n<details class=\"wp-block-details has-geist-font-family is-layout-flow wp-block-details-is-layout-flow\"><summary><em>EN<\/em><\/summary>\n<p class=\"has-geist-font-family\"><\/p>\n<\/details>\n\n\n\n<blockquote class=\"wp-block-quote is-layout-flow wp-block-quote-is-layout-flow\">\n<p><\/p>\n<\/blockquote>\n\n\n\n<blockquote class=\"wp-block-quote is-layout-flow wp-block-quote-is-layout-flow\">\n<p><\/p>\n<\/blockquote>\n\n\n\n<h4 class=\"wp-block-heading has-text-align-center has-geist-font-family\">LATEST RELEASE<\/h4>\n\n\n\n<div class=\"wp-block-media-text is-stacked-on-mobile\"><figure class=\"wp-block-media-text__media\"><a href=\"https:\/\/thebadplug.bandcamp.com\/album\/macho-man\"><img loading=\"lazy\" decoding=\"async\" width=\"1200\" height=\"1200\" src=\"https:\/\/mostanantes.com\/wp-content\/uploads\/2025\/11\/a2229399673_10.jpg\" alt=\"\" class=\"wp-image-4585 size-full\" srcset=\"https:\/\/mostanantes.com\/wp-content\/uploads\/2025\/11\/a2229399673_10.jpg 1200w, https:\/\/mostanantes.com\/wp-content\/uploads\/2025\/11\/a2229399673_10-150x150.jpg 150w, https:\/\/mostanantes.com\/wp-content\/uploads\/2025\/11\/a2229399673_10-768x768.jpg 768w\" sizes=\"auto, (max-width: 1200px) 100vw, 1200px\" \/><\/a><\/figure><div class=\"wp-block-media-text__content\">\n<p class=\"has-text-align-right has-geist-font-family has-extra-large-font-size\"><strong>MACHO MAN &#8211; EP 2025<\/strong><\/p>\n<\/div><\/div>\n\n\n\n<h4 class=\"wp-block-heading has-text-align-center has-geist-font-family\">LIVE<\/h4>\n\n\n\n<figure class=\"wp-block-embed is-type-video is-provider-youtube wp-block-embed-youtube wp-embed-aspect-16-9 wp-has-aspect-ratio\"><div class=\"wp-block-embed__wrapper\">\n<iframe loading=\"lazy\" title=\"The Bad Plug - I&#039;m in Love with a Zombie (Live at Raduno Rock 2023)\" width=\"500\" height=\"281\" src=\"https:\/\/www.youtube.com\/embed\/cLx_NvKVSsY?feature=oembed\" frameborder=\"0\" allow=\"accelerometer; autoplay; clipboard-write; encrypted-media; gyroscope; picture-in-picture; web-share\" referrerpolicy=\"strict-origin-when-cross-origin\" allowfullscreen><\/iframe>\n<\/div><\/figure>\n\n\n\n<h4 class=\"wp-block-heading has-text-align-center has-geist-font-family\"><\/h4>\n\n\n\n<p class=\"has-text-align-center\"><\/p>\n\n\n\n<p><\/p>\n\n\n\n<p><\/p>\n\n\n\n<h4 class=\"wp-block-heading has-text-align-center has-geist-font-family\">NEXT SHOWS<\/h4>\n\n\n\n<p class=\"has-text-align-center has-geist-font-family\">more shows coming soon<\/p>\n\n\n\n<figure class=\"wp-block-table has-geist-font-family\"><table class=\"has-fixed-layout\"><tbody><tr><td class=\"has-text-align-center\" data-align=\"center\">06\/06\/2026<\/td><td class=\"has-text-align-center\" data-align=\"center\">Fuzztival, Cornillon (FR)<\/td><\/tr><\/tbody><\/table><\/figure>\n\n\n\n<h4 class=\"wp-block-heading has-text-align-center has-geist-font-family\"><\/h4>\n\n\n\n<p class=\"has-text-align-center has-geist-font-family\">Get in touch : contact@mostanantes.com<\/p>\n","protected":false},"excerpt":{"rendered":"<p>THE BAD PLUG Milano, ITA LATEST RELEASE MACHO MAN &#8211; EP 2025 LIVE NEXT SHOWS more shows coming soon 06\/06\/2026 Fuzztival, Cornillon (FR) Get in touch : contact@mostanantes.com<\/p>\n","protected":false},"author":1,"featured_media":3636,"parent":0,"menu_order":22,"comment_status":"closed","ping_status":"closed","template":"","meta":{"footnotes":""},"categories":[63],"tags":[],"class_list":["post-3635","page","type-page","status-publish","has-post-thumbnail","hentry","category-booking"],"_links":{"self":[{"href":"https:\/\/mostanantes.com\/index.php\/wp-json\/wp\/v2\/pages\/3635","targetHints":{"allow":["GET"]}}],"collection":[{"href":"https:\/\/mostanantes.com\/index.php\/wp-json\/wp\/v2\/pages"}],"about":[{"href":"https:\/\/mostanantes.com\/index.php\/wp-json\/wp\/v2\/types\/page"}],"author":[{"embeddable":true,"href":"https:\/\/mostanantes.com\/index.php\/wp-json\/wp\/v2\/users\/1"}],"replies":[{"embeddable":true,"href":"https:\/\/mostanantes.com\/index.php\/wp-json\/wp\/v2\/comments?post=3635"}],"version-history":[{"count":10,"href":"https:\/\/mostanantes.com\/index.php\/wp-json\/wp\/v2\/pages\/3635\/revisions"}],"predecessor-version":[{"id":4864,"href":"https:\/\/mostanantes.com\/index.php\/wp-json\/wp\/v2\/pages\/3635\/revisions\/4864"}],"wp:featuredmedia":[{"embeddable":true,"href":"https:\/\/mostanantes.com\/index.php\/wp-json\/wp\/v2\/media\/3636"}],"wp:attachment":[{"href":"https:\/\/mostanantes.com\/index.php\/wp-json\/wp\/v2\/media?parent=3635"}],"wp:term":[{"taxonomy":"category","embeddable":true,"href":"https:\/\/mostanantes.com\/index.php\/wp-json\/wp\/v2\/categories?post=3635"},{"taxonomy":"post_tag","embeddable":true,"href":"https:\/\/mostanantes.com\/index.php\/wp-json\/wp\/v2\/tags?post=3635"}],"curies":[{"name":"wp","href":"https:\/\/api.w.org\/{rel}","templated":true}]}}