{"id":4218,"date":"2024-10-20T12:20:06","date_gmt":"2024-10-20T10:20:06","guid":{"rendered":"https:\/\/mostanantes.com\/?page_id=4218"},"modified":"2026-01-21T11:27:36","modified_gmt":"2026-01-21T10:27:36","slug":"tacle","status":"publish","type":"page","link":"https:\/\/mostanantes.com\/index.php\/tacle\/","title":{"rendered":"TACLE"},"content":{"rendered":"\n<h2 class=\"wp-block-heading has-text-align-center has-geist-font-family\">TACLE<\/h2>\n\n\n\n<p class=\"has-text-align-center has-geist-font-family\">Nantes, FR<\/p>\n\n\n\n<figure class=\"wp-block-image size-full\"><img loading=\"lazy\" decoding=\"async\" width=\"2048\" height=\"2048\" src=\"https:\/\/mostanantes.com\/wp-content\/uploads\/2025\/10\/563197295_804335829182605_7349643074843954661_n.jpg\" alt=\"\" class=\"wp-image-4219\" srcset=\"https:\/\/mostanantes.com\/wp-content\/uploads\/2025\/10\/563197295_804335829182605_7349643074843954661_n.jpg 2048w, https:\/\/mostanantes.com\/wp-content\/uploads\/2025\/10\/563197295_804335829182605_7349643074843954661_n-150x150.jpg 150w, https:\/\/mostanantes.com\/wp-content\/uploads\/2025\/10\/563197295_804335829182605_7349643074843954661_n-768x768.jpg 768w, https:\/\/mostanantes.com\/wp-content\/uploads\/2025\/10\/563197295_804335829182605_7349643074843954661_n-1536x1536.jpg 1536w\" sizes=\"auto, (max-width: 2048px) 100vw, 2048px\" \/><\/figure>\n\n\n\n<p class=\"has-text-align-right has-geist-font-family has-tiny-font-size\">@ T\u00e9o-Toumani Lubin <\/p>\n\n\n\n<details class=\"wp-block-details has-geist-font-family is-layout-flow wp-block-details-is-layout-flow\" open><summary><em>FR<\/em><\/summary>\n<p class=\"has-text-align-left has-geist-font-family\">Pourquoi remettre \u00e0 demain ce qu&rsquo;on peut faire \u00e0 deux pieds? TACLE t&rsquo;ampute net au niveau de la mall\u00e9ole. 1v1 \u00e0 fond les ballons.<\/p>\n<\/details>\n\n\n\n<details class=\"wp-block-details has-geist-font-family is-layout-flow wp-block-details-is-layout-flow\"><summary><em>EN<\/em><\/summary>\n<p class=\"has-geist-font-family\">Why put off until tomorrow what you can do with both feet? TACLE amputates you cleanly at the ankle. 1v1 full throttle.<\/p>\n<\/details>\n\n\n\n<blockquote class=\"wp-block-quote is-layout-flow wp-block-quote-is-layout-flow\">\n<p><\/p>\n<\/blockquote>\n\n\n\n<blockquote class=\"wp-block-quote is-layout-flow wp-block-quote-is-layout-flow\">\n<p><\/p>\n<\/blockquote>\n\n\n\n<h4 class=\"wp-block-heading has-text-align-center has-geist-font-family\">NEXT SHOWS<\/h4>\n\n\n\n<figure class=\"wp-block-table has-geist-font-family\"><table class=\"has-fixed-layout\"><tbody><tr><td class=\"has-text-align-center\" data-align=\"center\">01\/02\/2026<\/td><td class=\"has-text-align-center\" data-align=\"center\">Nantes, Lune Froide<\/td><\/tr><tr><td class=\"has-text-align-center\" data-align=\"center\">16\/05\/2026<\/td><td class=\"has-text-align-center\" data-align=\"center\">Bordeaux, L&rsquo;Ether Bar<\/td><\/tr><\/tbody><\/table><\/figure>\n\n\n\n<p class=\"has-text-align-center has-geist-font-family\">Get in touch : contact@mostanantes.com<\/p>\n","protected":false},"excerpt":{"rendered":"<p>TACLE Nantes, FR @ T\u00e9o-Toumani Lubin NEXT SHOWS 01\/02\/2026 Nantes, Lune Froide 16\/05\/2026 Bordeaux, L&rsquo;Ether Bar Get in touch : contact@mostanantes.com<\/p>\n","protected":false},"author":1,"featured_media":4219,"parent":0,"menu_order":21,"comment_status":"closed","ping_status":"closed","template":"","meta":{"footnotes":""},"categories":[63],"tags":[],"class_list":["post-4218","page","type-page","status-publish","has-post-thumbnail","hentry","category-booking"],"_links":{"self":[{"href":"https:\/\/mostanantes.com\/index.php\/wp-json\/wp\/v2\/pages\/4218","targetHints":{"allow":["GET"]}}],"collection":[{"href":"https:\/\/mostanantes.com\/index.php\/wp-json\/wp\/v2\/pages"}],"about":[{"href":"https:\/\/mostanantes.com\/index.php\/wp-json\/wp\/v2\/types\/page"}],"author":[{"embeddable":true,"href":"https:\/\/mostanantes.com\/index.php\/wp-json\/wp\/v2\/users\/1"}],"replies":[{"embeddable":true,"href":"https:\/\/mostanantes.com\/index.php\/wp-json\/wp\/v2\/comments?post=4218"}],"version-history":[{"count":8,"href":"https:\/\/mostanantes.com\/index.php\/wp-json\/wp\/v2\/pages\/4218\/revisions"}],"predecessor-version":[{"id":4798,"href":"https:\/\/mostanantes.com\/index.php\/wp-json\/wp\/v2\/pages\/4218\/revisions\/4798"}],"wp:featuredmedia":[{"embeddable":true,"href":"https:\/\/mostanantes.com\/index.php\/wp-json\/wp\/v2\/media\/4219"}],"wp:attachment":[{"href":"https:\/\/mostanantes.com\/index.php\/wp-json\/wp\/v2\/media?parent=4218"}],"wp:term":[{"taxonomy":"category","embeddable":true,"href":"https:\/\/mostanantes.com\/index.php\/wp-json\/wp\/v2\/categories?post=4218"},{"taxonomy":"post_tag","embeddable":true,"href":"https:\/\/mostanantes.com\/index.php\/wp-json\/wp\/v2\/tags?post=4218"}],"curies":[{"name":"wp","href":"https:\/\/api.w.org\/{rel}","templated":true}]}}