{"id":4230,"date":"2024-09-20T16:26:09","date_gmt":"2024-09-20T14:26:09","guid":{"rendered":"https:\/\/mostanantes.com\/?page_id=4230"},"modified":"2026-01-21T11:27:36","modified_gmt":"2026-01-21T10:27:36","slug":"the-sweep-show","status":"publish","type":"page","link":"https:\/\/mostanantes.com\/index.php\/the-sweep-show\/","title":{"rendered":"THE SWEEP SHOW"},"content":{"rendered":"\n<h3 class=\"wp-block-heading has-text-align-center has-geist-font-family\">THE SWEEP SHOW<\/h3>\n\n\n\n<p class=\"has-text-align-center has-geist-font-family\">Nantes, FR<\/p>\n\n\n\n<figure class=\"wp-block-image size-full\"><img loading=\"lazy\" decoding=\"async\" width=\"1630\" height=\"1630\" src=\"https:\/\/mostanantes.com\/wp-content\/uploads\/2025\/10\/\u00a9Rachel-Brossier-scaled-e1760883899958.jpg\" alt=\"\" class=\"wp-image-4231\" srcset=\"https:\/\/mostanantes.com\/wp-content\/uploads\/2025\/10\/\u00a9Rachel-Brossier-scaled-e1760883899958.jpg 1630w, https:\/\/mostanantes.com\/wp-content\/uploads\/2025\/10\/\u00a9Rachel-Brossier-scaled-e1760883899958-150x150.jpg 150w, https:\/\/mostanantes.com\/wp-content\/uploads\/2025\/10\/\u00a9Rachel-Brossier-scaled-e1760883899958-768x768.jpg 768w, https:\/\/mostanantes.com\/wp-content\/uploads\/2025\/10\/\u00a9Rachel-Brossier-scaled-e1760883899958-1536x1536.jpg 1536w\" sizes=\"auto, (max-width: 1630px) 100vw, 1630px\" \/><\/figure>\n\n\n\n<h3 class=\"wp-block-heading has-text-align-center has-geist-font-family\"><\/h3>\n\n\n\n<details class=\"wp-block-details has-geist-font-family is-layout-flow wp-block-details-is-layout-flow\" open><summary><em>FR<\/em><\/summary>\n<p class=\"has-text-align-left has-geist-font-family\">Inspir\u00e9 de la sc\u00e8ne punk DIY australienne, The Sweep Show cherche \u00e0 apporter une \u00e9nergie brute, d\u00e9risoire et enfantine \u00e0 un monde qui se prend trop au s\u00e9rieux. Guitares agressives, synth\u00e9s d\u00e9biles et lyricisme d\u00e9cal\u00e9 : une recette id\u00e9ale pour une bonne dose de n\u2019importe quoi qui risque de donner soif. The Sweep Show est le projet personnel de Killian Mugglestone, bassiste de Douves (garage\/punk, Nantes) et membre des collectifs Banana Derby et Most\u00e4, investis dans l\u2019organisation de concerts underground sur la r\u00e9gion nantaise. Le projet na\u00eet suite \u00e0 une ann\u00e9e en Australie et plus pr\u00e9cis\u00e9ment \u00e0 Melbourne o\u00f9 la densit\u00e9 et la qualit\u00e9 de projets de punk DIY inspirent Killian \u00e0 suivre cette dynamique et \u00e0 l\u2019implanter \u00e0 Nantes. The Sweep Show prend ainsi la forme d\u2019un projet autoproduit et authentique alliant d\u00e9rision et \u00e9nergie derri\u00e8re une identit\u00e9 l\u00e9g\u00e8re, enfantine et humoristique, rappelant les spectacles de marionnettes pour enfants, \u00e0 la sauce punk. Le projet \u00e9volue \u00e9galement en mettant en place une formation live pour se produire dans les bars et salles de concerts \u00e0 la suite de la sortie de son premier EP : OZ.<\/p>\n\n\n\n<p class=\"has-text-align-left has-geist-font-family\"><\/p>\n<\/details>\n\n\n\n<details class=\"wp-block-details has-geist-font-family is-layout-flow wp-block-details-is-layout-flow\"><summary><em>EN<\/em><\/summary>\n<p class=\"has-geist-font-family\">Inspired by the Australian DIY punk scene, The Sweep Show brings a raw, grotesque and childish energy to a world that takes itself too seriously. Aggressive guitars, stupid synths and eccentric lyrics make the perfect recipe for a good fix of nonsense that will certainly make you thirsty.<br>The Sweep Show is the latest project of Killian Mugglestone, bassist in Douves (garage\/punk, Nantes) and active member of Banana Derby and Most\u00e4, two collectives who organize underground gigs in and around Nantes. The project was born following a year in Australia, in particular in Melbourne where the density and the quality of DIY punk projects inspired Killian to follow their lead and establish his own in Nantes. The Sweep Show is a self-produced and fully authentic project, mixing mockery and energy with a light, childish and witty identity which recalls children puppet shows spiced with a punk sauce! The Sweep Show is rapidly evolving to be a live line up ready to play pubs and venues subsequent to the release of the first EP : OZ.<\/p>\n\n\n\n<p class=\"has-geist-font-family\"><\/p>\n<\/details>\n\n\n\n<blockquote class=\"wp-block-quote is-layout-flow wp-block-quote-is-layout-flow\">\n<p><\/p>\n<\/blockquote>\n\n\n\n<blockquote class=\"wp-block-quote is-layout-flow wp-block-quote-is-layout-flow\">\n<p><\/p>\n<\/blockquote>\n\n\n\n<h4 class=\"wp-block-heading has-text-align-center has-geist-font-family\">LATEST RELEASE<\/h4>\n\n\n\n<div class=\"wp-block-media-text is-stacked-on-mobile\"><figure class=\"wp-block-media-text__media\"><a href=\"https:\/\/mostanantes.bandcamp.com\/album\/oz\"><img loading=\"lazy\" decoding=\"async\" width=\"2560\" height=\"2476\" src=\"https:\/\/mostanantes.com\/wp-content\/uploads\/2025\/10\/Cover-Oz-1-scaled.jpeg\" alt=\"\" class=\"wp-image-4370 size-full\" srcset=\"https:\/\/mostanantes.com\/wp-content\/uploads\/2025\/10\/Cover-Oz-1-scaled.jpeg 2560w, https:\/\/mostanantes.com\/wp-content\/uploads\/2025\/10\/Cover-Oz-1-150x145.jpeg 150w, https:\/\/mostanantes.com\/wp-content\/uploads\/2025\/10\/Cover-Oz-1-768x743.jpeg 768w, https:\/\/mostanantes.com\/wp-content\/uploads\/2025\/10\/Cover-Oz-1-1536x1486.jpeg 1536w, https:\/\/mostanantes.com\/wp-content\/uploads\/2025\/10\/Cover-Oz-1-2048x1981.jpeg 2048w\" sizes=\"auto, (max-width: 2560px) 100vw, 2560px\" \/><\/a><\/figure><div class=\"wp-block-media-text__content\">\n<p class=\"has-text-align-right has-geist-font-family has-extra-large-font-size\"><strong>OZ &#8211; EP 2025<\/strong><\/p>\n<\/div><\/div>\n\n\n\n<figure class=\"wp-block-embed is-type-video is-provider-youtube wp-block-embed-youtube wp-embed-aspect-4-3 wp-has-aspect-ratio\"><div class=\"wp-block-embed__wrapper\">\n<iframe loading=\"lazy\" title=\"The Sweep Show - Slap the Goon!\" width=\"500\" height=\"375\" src=\"https:\/\/www.youtube.com\/embed\/ARP-m_UM14Y?feature=oembed\" frameborder=\"0\" allow=\"accelerometer; autoplay; clipboard-write; encrypted-media; gyroscope; picture-in-picture; web-share\" referrerpolicy=\"strict-origin-when-cross-origin\" allowfullscreen><\/iframe>\n<\/div><\/figure>\n\n\n\n<h4 class=\"wp-block-heading has-text-align-center has-geist-font-family\"><\/h4>\n\n\n\n<h4 class=\"wp-block-heading has-text-align-center has-geist-font-family\">NEXT SHOWS<\/h4>\n\n\n\n<p class=\"has-text-align-center has-geist-font-family\">no upcoming show<\/p>\n\n\n\n<p class=\"has-text-align-center has-geist-font-family\">Get in touch : contact@mostanantes.com<\/p>\n","protected":false},"excerpt":{"rendered":"<p>THE SWEEP SHOW Nantes, FR LATEST RELEASE OZ &#8211; EP 2025 NEXT SHOWS no upcoming show Get in touch : contact@mostanantes.com<\/p>\n","protected":false},"author":1,"featured_media":4231,"parent":0,"menu_order":25,"comment_status":"closed","ping_status":"closed","template":"","meta":{"footnotes":""},"categories":[63],"tags":[],"class_list":["post-4230","page","type-page","status-publish","has-post-thumbnail","hentry","category-booking"],"_links":{"self":[{"href":"https:\/\/mostanantes.com\/index.php\/wp-json\/wp\/v2\/pages\/4230","targetHints":{"allow":["GET"]}}],"collection":[{"href":"https:\/\/mostanantes.com\/index.php\/wp-json\/wp\/v2\/pages"}],"about":[{"href":"https:\/\/mostanantes.com\/index.php\/wp-json\/wp\/v2\/types\/page"}],"author":[{"embeddable":true,"href":"https:\/\/mostanantes.com\/index.php\/wp-json\/wp\/v2\/users\/1"}],"replies":[{"embeddable":true,"href":"https:\/\/mostanantes.com\/index.php\/wp-json\/wp\/v2\/comments?post=4230"}],"version-history":[{"count":2,"href":"https:\/\/mostanantes.com\/index.php\/wp-json\/wp\/v2\/pages\/4230\/revisions"}],"predecessor-version":[{"id":4603,"href":"https:\/\/mostanantes.com\/index.php\/wp-json\/wp\/v2\/pages\/4230\/revisions\/4603"}],"wp:featuredmedia":[{"embeddable":true,"href":"https:\/\/mostanantes.com\/index.php\/wp-json\/wp\/v2\/media\/4231"}],"wp:attachment":[{"href":"https:\/\/mostanantes.com\/index.php\/wp-json\/wp\/v2\/media?parent=4230"}],"wp:term":[{"taxonomy":"category","embeddable":true,"href":"https:\/\/mostanantes.com\/index.php\/wp-json\/wp\/v2\/categories?post=4230"},{"taxonomy":"post_tag","embeddable":true,"href":"https:\/\/mostanantes.com\/index.php\/wp-json\/wp\/v2\/tags?post=4230"}],"curies":[{"name":"wp","href":"https:\/\/api.w.org\/{rel}","templated":true}]}}