{"id":4236,"date":"2024-12-01T00:00:43","date_gmt":"2024-11-30T23:00:43","guid":{"rendered":"https:\/\/mostanantes.com\/?page_id=4236"},"modified":"2026-01-19T11:37:44","modified_gmt":"2026-01-19T10:37:44","slug":"dog-medium","status":"publish","type":"page","link":"https:\/\/mostanantes.com\/index.php\/dog-medium\/","title":{"rendered":"DOG MEDIUM"},"content":{"rendered":"\n<h3 class=\"wp-block-heading has-text-align-center has-geist-font-family\">DOG MEDIUM<\/h3>\n\n\n\n<p class=\"has-text-align-center has-geist-font-family\">Nantes, FR<\/p>\n\n\n\n<figure class=\"wp-block-image size-full\"><img loading=\"lazy\" decoding=\"async\" width=\"1080\" height=\"1080\" src=\"https:\/\/mostanantes.com\/wp-content\/uploads\/2025\/10\/Pic.png\" alt=\"\" class=\"wp-image-4238\" srcset=\"https:\/\/mostanantes.com\/wp-content\/uploads\/2025\/10\/Pic.png 1080w, https:\/\/mostanantes.com\/wp-content\/uploads\/2025\/10\/Pic-150x150.png 150w, https:\/\/mostanantes.com\/wp-content\/uploads\/2025\/10\/Pic-768x768.png 768w\" sizes=\"auto, (max-width: 1080px) 100vw, 1080px\" \/><\/figure>\n\n\n\n<h3 class=\"wp-block-heading has-text-align-center has-geist-font-family\"><\/h3>\n\n\n\n<details class=\"wp-block-details has-geist-font-family is-layout-flow wp-block-details-is-layout-flow\" open><summary><em>FR<\/em><\/summary>\n<p class=\"has-text-align-left has-geist-font-family\">Dog Medium, t\u00e9l\u00e9pathe canin et soin audio pour terrien.es. Projet folk en solo de Rapha, guitare\/chant chez Douves et gouttes de sueur pour MOST\u00c4 (Not Malta). Localis\u00e9 \u00e0 Nantes (Ancienne Bretagne). Premier album \u00ab\u00a0Favourite Human\u00a0\u00bb \u00e0 para\u00eetre d\u00e8s que possible &#8211; \u00ab\u00a0Dickhead\u00a0\u00bb premier single + clip le 15 Mai. Restez d\u00e9connect\u00e9s &#8211; Ouaf.<\/p>\n<\/details>\n\n\n\n<details class=\"wp-block-details has-geist-font-family is-layout-flow wp-block-details-is-layout-flow\"><summary><em>EN<\/em><\/summary>\n<p class=\"has-geist-font-family\"><\/p>\n<\/details>\n\n\n\n<blockquote class=\"wp-block-quote is-layout-flow wp-block-quote-is-layout-flow\">\n<p><\/p>\n<\/blockquote>\n\n\n\n<blockquote class=\"wp-block-quote is-layout-flow wp-block-quote-is-layout-flow\">\n<p><\/p>\n<\/blockquote>\n\n\n\n<h4 class=\"wp-block-heading has-text-align-center has-geist-font-family\">LATEST RELEASE<\/h4>\n\n\n\n<div class=\"wp-block-media-text is-stacked-on-mobile\"><figure class=\"wp-block-media-text__media\"><a href=\"https:\/\/dogmedium.bandcamp.com\/track\/dickhead\"><img loading=\"lazy\" decoding=\"async\" width=\"1400\" height=\"1400\" src=\"https:\/\/mostanantes.com\/wp-content\/uploads\/2025\/11\/Dickhead-cover.png\" alt=\"\" class=\"wp-image-4600 size-full\" srcset=\"https:\/\/mostanantes.com\/wp-content\/uploads\/2025\/11\/Dickhead-cover.png 1400w, https:\/\/mostanantes.com\/wp-content\/uploads\/2025\/11\/Dickhead-cover-150x150.png 150w, https:\/\/mostanantes.com\/wp-content\/uploads\/2025\/11\/Dickhead-cover-768x768.png 768w\" sizes=\"auto, (max-width: 1400px) 100vw, 1400px\" \/><\/a><\/figure><div class=\"wp-block-media-text__content\">\n<p class=\"has-text-align-right has-geist-font-family has-extra-large-font-size\"><strong>DICKHEAD &#8211; SINGLE 2025<\/strong><\/p>\n<\/div><\/div>\n\n\n\n<h4 class=\"wp-block-heading has-text-align-center has-geist-font-family\"><\/h4>\n\n\n\n<h4 class=\"wp-block-heading has-text-align-center has-geist-font-family\">NEXT SHOWS<\/h4>\n\n\n\n<p class=\"has-text-align-center has-geist-font-family\">no upcoming show<\/p>\n\n\n\n<p class=\"has-text-align-center has-geist-font-family\">Get in touch : contact@mostanantes.com<\/p>\n","protected":false},"excerpt":{"rendered":"<p>DOG MEDIUM Nantes, FR LATEST RELEASE DICKHEAD &#8211; SINGLE 2025 NEXT SHOWS no upcoming show Get in touch : contact@mostanantes.com<\/p>\n","protected":false},"author":1,"featured_media":4238,"parent":0,"menu_order":14,"comment_status":"closed","ping_status":"closed","template":"","meta":{"footnotes":""},"categories":[63],"tags":[],"class_list":["post-4236","page","type-page","status-publish","has-post-thumbnail","hentry","category-booking"],"_links":{"self":[{"href":"https:\/\/mostanantes.com\/index.php\/wp-json\/wp\/v2\/pages\/4236","targetHints":{"allow":["GET"]}}],"collection":[{"href":"https:\/\/mostanantes.com\/index.php\/wp-json\/wp\/v2\/pages"}],"about":[{"href":"https:\/\/mostanantes.com\/index.php\/wp-json\/wp\/v2\/types\/page"}],"author":[{"embeddable":true,"href":"https:\/\/mostanantes.com\/index.php\/wp-json\/wp\/v2\/users\/1"}],"replies":[{"embeddable":true,"href":"https:\/\/mostanantes.com\/index.php\/wp-json\/wp\/v2\/comments?post=4236"}],"version-history":[{"count":2,"href":"https:\/\/mostanantes.com\/index.php\/wp-json\/wp\/v2\/pages\/4236\/revisions"}],"predecessor-version":[{"id":4601,"href":"https:\/\/mostanantes.com\/index.php\/wp-json\/wp\/v2\/pages\/4236\/revisions\/4601"}],"wp:featuredmedia":[{"embeddable":true,"href":"https:\/\/mostanantes.com\/index.php\/wp-json\/wp\/v2\/media\/4238"}],"wp:attachment":[{"href":"https:\/\/mostanantes.com\/index.php\/wp-json\/wp\/v2\/media?parent=4236"}],"wp:term":[{"taxonomy":"category","embeddable":true,"href":"https:\/\/mostanantes.com\/index.php\/wp-json\/wp\/v2\/categories?post=4236"},{"taxonomy":"post_tag","embeddable":true,"href":"https:\/\/mostanantes.com\/index.php\/wp-json\/wp\/v2\/tags?post=4236"}],"curies":[{"name":"wp","href":"https:\/\/api.w.org\/{rel}","templated":true}]}}