{"id":4244,"date":"2024-11-10T10:06:35","date_gmt":"2024-11-10T09:06:35","guid":{"rendered":"https:\/\/mostanantes.com\/?page_id=4244"},"modified":"2026-01-19T11:37:44","modified_gmt":"2026-01-19T10:37:44","slug":"kool-aid","status":"publish","type":"page","link":"https:\/\/mostanantes.com\/index.php\/kool-aid\/","title":{"rendered":"KOOL-AID"},"content":{"rendered":"\n<h3 class=\"wp-block-heading has-text-align-center has-geist-font-family\">KOOL-AID<\/h3>\n\n\n\n<p class=\"has-text-align-center has-geist-font-family\">Bordeaux, FR<\/p>\n\n\n\n<figure class=\"wp-block-image aligncenter size-full\"><img loading=\"lazy\" decoding=\"async\" width=\"2560\" height=\"2560\" src=\"https:\/\/mostanantes.com\/wp-content\/uploads\/2025\/10\/1-scaled.jpg\" alt=\"\" class=\"wp-image-4245\" srcset=\"https:\/\/mostanantes.com\/wp-content\/uploads\/2025\/10\/1-scaled.jpg 2560w, https:\/\/mostanantes.com\/wp-content\/uploads\/2025\/10\/1-150x150.jpg 150w, https:\/\/mostanantes.com\/wp-content\/uploads\/2025\/10\/1-768x768.jpg 768w, https:\/\/mostanantes.com\/wp-content\/uploads\/2025\/10\/1-1536x1536.jpg 1536w, https:\/\/mostanantes.com\/wp-content\/uploads\/2025\/10\/1-2048x2048.jpg 2048w\" sizes=\"auto, (max-width: 2560px) 100vw, 2560px\" \/><\/figure>\n\n\n\n<h3 class=\"wp-block-heading has-text-align-center has-geist-font-family\"><\/h3>\n\n\n\n<details class=\"wp-block-details has-geist-font-family is-layout-flow wp-block-details-is-layout-flow\" open><summary><em>FR<\/em><\/summary>\n<p class=\"has-text-align-left has-geist-font-family\">Quand il ne joue pas de la basse chez Bilbao Kung-Fu et Fulkarov ou de la batterie chez Tacoblaster, R\u00e9mi Tourneur \u00e9coute Thee Oh Sees et \u00e9crit des chansons dans son appart\u2019 \u00e0 Bordeaux. Si la \u201cbelle endormie\u201d est une terreau aussi fertile pour les groupes de garage rock, ce n\u2019est pas un hasard: la bande \u00e0 John Dwyer ou celle \u00e0 Ty Segall passent presque tous les \u00e9t\u00e9 pour gratifier la sc\u00e8ne bordelaise d\u2019un concert explosif dont ils ont le secret. Aucun doute que ces passages r\u00e9guliers ont eu une profonde influence sur R\u00e9mi qui l\u2019a inscrit sur leur premier album \u2018Straight Up\u2019 sorti l\u2019ann\u00e9e derni\u00e8re. A l\u2019image de leurs ma\u00eetres, la productivit\u00e9 de R\u00e9mi Tourneur (guitare\/chant), Romain Meyraud (basse) et Emma Savarzeix (batterie) s\u2019annonce r\u00e9gl\u00e9e comme du papier \u00e0 musique, avec un nouvel album un an tout pile apr\u00e8s le premier: \u2018The Great Commitment\u2019.&nbsp;<\/p>\n<\/details>\n\n\n\n<details class=\"wp-block-details has-geist-font-family is-layout-flow wp-block-details-is-layout-flow\"><summary><em>EN<\/em><\/summary>\n<p class=\"has-geist-font-family\"><\/p>\n<\/details>\n\n\n\n<blockquote class=\"wp-block-quote is-layout-flow wp-block-quote-is-layout-flow\">\n<p><\/p>\n<\/blockquote>\n\n\n\n<blockquote class=\"wp-block-quote is-layout-flow wp-block-quote-is-layout-flow\">\n<p><\/p>\n<\/blockquote>\n\n\n\n<h4 class=\"wp-block-heading has-text-align-center has-geist-font-family\">LATEST RELEASE<\/h4>\n\n\n\n<div class=\"wp-block-media-text is-stacked-on-mobile\"><figure class=\"wp-block-media-text__media\"><a href=\"https:\/\/mostanantes.bandcamp.com\/album\/the-great-commitment\"><img loading=\"lazy\" decoding=\"async\" width=\"1400\" height=\"1400\" src=\"https:\/\/mostanantes.com\/wp-content\/uploads\/2025\/11\/COVER-BC.png\" alt=\"\" class=\"wp-image-4548 size-full\" srcset=\"https:\/\/mostanantes.com\/wp-content\/uploads\/2025\/11\/COVER-BC.png 1400w, https:\/\/mostanantes.com\/wp-content\/uploads\/2025\/11\/COVER-BC-150x150.png 150w, https:\/\/mostanantes.com\/wp-content\/uploads\/2025\/11\/COVER-BC-768x768.png 768w\" sizes=\"auto, (max-width: 1400px) 100vw, 1400px\" \/><\/a><\/figure><div class=\"wp-block-media-text__content\">\n<p class=\"has-text-align-right has-geist-font-family has-extra-large-font-size\"><strong>THE GREAT COMMITMENT<em> &#8211; <\/em>LP<em> <\/em>2025<\/strong><\/p>\n<\/div><\/div>\n\n\n\n<figure class=\"wp-block-embed is-type-video is-provider-youtube wp-block-embed-youtube wp-embed-aspect-16-9 wp-has-aspect-ratio\"><div class=\"wp-block-embed__wrapper\">\n<iframe loading=\"lazy\" title=\"Kool-Aid - H O U R S\" width=\"500\" height=\"281\" src=\"https:\/\/www.youtube.com\/embed\/33H68WbrOr8?feature=oembed\" frameborder=\"0\" allow=\"accelerometer; autoplay; clipboard-write; encrypted-media; gyroscope; picture-in-picture; web-share\" referrerpolicy=\"strict-origin-when-cross-origin\" allowfullscreen><\/iframe>\n<\/div><\/figure>\n\n\n\n<h4 class=\"wp-block-heading has-text-align-center has-geist-font-family\"><\/h4>\n\n\n\n<h4 class=\"wp-block-heading has-text-align-center has-geist-font-family\">NEXT SHOWS<\/h4>\n\n\n\n<figure class=\"wp-block-table has-geist-font-family\"><table class=\"has-fixed-layout\"><tbody><tr><td class=\"has-text-align-center\" data-align=\"center\">16\/05\/2026<\/td><td class=\"has-text-align-center\" data-align=\"center\">Bordeaux, L&rsquo;Ether Bar<\/td><\/tr><\/tbody><\/table><\/figure>\n\n\n\n<h4 class=\"wp-block-heading has-text-align-center has-geist-font-family\"><\/h4>\n\n\n\n<p class=\"has-text-align-center has-geist-font-family\">Get in touch : contact@mostanantes.com<\/p>\n","protected":false},"excerpt":{"rendered":"<p>KOOL-AID Bordeaux, FR LATEST RELEASE THE GREAT COMMITMENT &#8211; LP 2025 NEXT SHOWS 16\/05\/2026 Bordeaux, L&rsquo;Ether Bar Get in touch : contact@mostanantes.com<\/p>\n","protected":false},"author":1,"featured_media":4245,"parent":0,"menu_order":17,"comment_status":"closed","ping_status":"closed","template":"","meta":{"footnotes":""},"categories":[63],"tags":[],"class_list":["post-4244","page","type-page","status-publish","has-post-thumbnail","hentry","category-booking"],"_links":{"self":[{"href":"https:\/\/mostanantes.com\/index.php\/wp-json\/wp\/v2\/pages\/4244","targetHints":{"allow":["GET"]}}],"collection":[{"href":"https:\/\/mostanantes.com\/index.php\/wp-json\/wp\/v2\/pages"}],"about":[{"href":"https:\/\/mostanantes.com\/index.php\/wp-json\/wp\/v2\/types\/page"}],"author":[{"embeddable":true,"href":"https:\/\/mostanantes.com\/index.php\/wp-json\/wp\/v2\/users\/1"}],"replies":[{"embeddable":true,"href":"https:\/\/mostanantes.com\/index.php\/wp-json\/wp\/v2\/comments?post=4244"}],"version-history":[{"count":9,"href":"https:\/\/mostanantes.com\/index.php\/wp-json\/wp\/v2\/pages\/4244\/revisions"}],"predecessor-version":[{"id":4771,"href":"https:\/\/mostanantes.com\/index.php\/wp-json\/wp\/v2\/pages\/4244\/revisions\/4771"}],"wp:featuredmedia":[{"embeddable":true,"href":"https:\/\/mostanantes.com\/index.php\/wp-json\/wp\/v2\/media\/4245"}],"wp:attachment":[{"href":"https:\/\/mostanantes.com\/index.php\/wp-json\/wp\/v2\/media?parent=4244"}],"wp:term":[{"taxonomy":"category","embeddable":true,"href":"https:\/\/mostanantes.com\/index.php\/wp-json\/wp\/v2\/categories?post=4244"},{"taxonomy":"post_tag","embeddable":true,"href":"https:\/\/mostanantes.com\/index.php\/wp-json\/wp\/v2\/tags?post=4244"}],"curies":[{"name":"wp","href":"https:\/\/api.w.org\/{rel}","templated":true}]}}