{"id":4344,"date":"2024-09-10T20:29:55","date_gmt":"2024-09-10T18:29:55","guid":{"rendered":"https:\/\/mostanantes.com\/?page_id=4344"},"modified":"2026-01-21T11:27:36","modified_gmt":"2026-01-21T10:27:36","slug":"the-wrs","status":"publish","type":"page","link":"https:\/\/mostanantes.com\/index.php\/the-wrs\/","title":{"rendered":"THE WRS"},"content":{"rendered":"\n<h3 class=\"wp-block-heading has-text-align-center has-geist-font-family\">THE WRS<\/h3>\n\n\n\n<p class=\"has-text-align-center has-geist-font-family\">Charleroi, BE<\/p>\n\n\n\n<figure class=\"wp-block-image size-full\"><img loading=\"lazy\" decoding=\"async\" width=\"1526\" height=\"1526\" src=\"https:\/\/mostanantes.com\/wp-content\/uploads\/2025\/10\/545067690_1395278065935097_457465062774072915_n.jpg\" alt=\"\" class=\"wp-image-4345\" srcset=\"https:\/\/mostanantes.com\/wp-content\/uploads\/2025\/10\/545067690_1395278065935097_457465062774072915_n.jpg 1526w, https:\/\/mostanantes.com\/wp-content\/uploads\/2025\/10\/545067690_1395278065935097_457465062774072915_n-150x150.jpg 150w, https:\/\/mostanantes.com\/wp-content\/uploads\/2025\/10\/545067690_1395278065935097_457465062774072915_n-768x768.jpg 768w\" sizes=\"auto, (max-width: 1526px) 100vw, 1526px\" \/><\/figure>\n\n\n\n<h3 class=\"wp-block-heading has-text-align-center has-geist-font-family\"><\/h3>\n\n\n\n<p class=\"has-text-align-center has-geist-font-family\"><\/p>\n\n\n\n<p class=\"has-text-align-right has-geist-font-family has-tiny-font-size\"><\/p>\n\n\n\n<details class=\"wp-block-details has-geist-font-family is-layout-flow wp-block-details-is-layout-flow\" open><summary><em>FR<\/em><\/summary>\n<p class=\"has-text-align-left has-geist-font-family\">Form\u00e9 en 2018 \u00e0 Charleroi, The WRS est un power trio garage\/psych\u00e9 \u00e0 l\u2019\u00e9nergie brute, nourri de guitares fuzzy, d\u2019une esth\u00e9tique DIY et d\u2019un go\u00fbt<br>affirm\u00e9 pour les transes sonores. Apr\u00e8s un premier LP live (2020) et un deuxi\u00e8me album plus abouti (Capic\u00faa, 2022), le groupe s\u2019impose progressivement sur la sc\u00e8ne psych\u00e9 europ\u00e9enne, soutenu par des labels tels que Rockerill Records, Le C\u00e8pe Records, Gazer Tapes<br>ou encore Salty Dog Records (Australie). En novembre 2025, The WRS revient avec un troisi\u00e8me album studio, plus dense et audacieux. Ce disque<br>explore de nouveaux territoires sonores : leur fuzz visc\u00e9ral fusionne avec des influences krautrock \u2013 rythmiques r\u00e9p\u00e9titives, nappes hypnotiques, constructions progressives. Avec ce virage assum\u00e9, The WRS ouvre une nouvelle \u00e8re, fid\u00e8le \u00e0 ses racines psych\u00e9d\u00e9liques tout en s\u2019aventurant vers des horizons plus cosmiques.<\/p>\n<\/details>\n\n\n\n<details class=\"wp-block-details has-geist-font-family is-layout-flow wp-block-details-is-layout-flow\"><summary><em>EN<\/em><\/summary>\n<p class=\"has-geist-font-family\"><\/p>\n<\/details>\n\n\n\n<blockquote class=\"wp-block-quote is-layout-flow wp-block-quote-is-layout-flow\">\n<p><\/p>\n<\/blockquote>\n\n\n\n<blockquote class=\"wp-block-quote is-layout-flow wp-block-quote-is-layout-flow\">\n<p><\/p>\n<\/blockquote>\n\n\n\n<h4 class=\"wp-block-heading has-text-align-center has-geist-font-family\">LATEST RELEASE<\/h4>\n\n\n\n<div class=\"wp-block-media-text is-stacked-on-mobile\"><figure class=\"wp-block-media-text__media\"><a href=\"https:\/\/mostanantes.bandcamp.com\/album\/zenith-drift\"><img loading=\"lazy\" decoding=\"async\" width=\"1400\" height=\"1400\" src=\"https:\/\/mostanantes.com\/wp-content\/uploads\/2025\/11\/JCARD.png\" alt=\"\" class=\"wp-image-4573 size-full\" srcset=\"https:\/\/mostanantes.com\/wp-content\/uploads\/2025\/11\/JCARD.png 1400w, https:\/\/mostanantes.com\/wp-content\/uploads\/2025\/11\/JCARD-150x150.png 150w, https:\/\/mostanantes.com\/wp-content\/uploads\/2025\/11\/JCARD-768x768.png 768w\" sizes=\"auto, (max-width: 1400px) 100vw, 1400px\" \/><\/a><\/figure><div class=\"wp-block-media-text__content\">\n<p class=\"has-text-align-right has-geist-font-family has-extra-large-font-size\"><strong>ZENITH DRIFT &#8211; LP 2025<\/strong><\/p>\n<\/div><\/div>\n\n\n\n<figure class=\"wp-block-embed is-type-video is-provider-youtube wp-block-embed-youtube wp-embed-aspect-4-3 wp-has-aspect-ratio\"><div class=\"wp-block-embed__wrapper\">\n<iframe loading=\"lazy\" title=\"The WRS - NEVER STOP\" width=\"500\" height=\"375\" src=\"https:\/\/www.youtube.com\/embed\/7Ewcxtbo0eY?feature=oembed\" frameborder=\"0\" allow=\"accelerometer; autoplay; clipboard-write; encrypted-media; gyroscope; picture-in-picture; web-share\" referrerpolicy=\"strict-origin-when-cross-origin\" allowfullscreen><\/iframe>\n<\/div><\/figure>\n\n\n\n<h4 class=\"wp-block-heading has-text-align-center has-geist-font-family\">LIVE SESSION<\/h4>\n\n\n\n<figure class=\"wp-block-embed is-type-video is-provider-youtube wp-block-embed-youtube wp-embed-aspect-16-9 wp-has-aspect-ratio\"><div class=\"wp-block-embed__wrapper\">\n<iframe loading=\"lazy\" title=\"Y A L 2 \/\/  THE WRS\" width=\"500\" height=\"281\" src=\"https:\/\/www.youtube.com\/embed\/mGiBRB9MyCQ?feature=oembed\" frameborder=\"0\" allow=\"accelerometer; autoplay; clipboard-write; encrypted-media; gyroscope; picture-in-picture; web-share\" referrerpolicy=\"strict-origin-when-cross-origin\" allowfullscreen><\/iframe>\n<\/div><\/figure>\n\n\n\n<h4 class=\"wp-block-heading has-text-align-center has-geist-font-family\">NEXT SHOWS<\/h4>\n\n\n\n<p class=\"has-text-align-center has-geist-font-family\">no upcoming shows<\/p>\n\n\n\n<p class=\"has-text-align-center has-geist-font-family\">Get in touch : contact@mostanantes.com<\/p>\n","protected":false},"excerpt":{"rendered":"<p>THE WRS Charleroi, BE LATEST RELEASE ZENITH DRIFT &#8211; LP 2025 LIVE SESSION NEXT SHOWS no upcoming shows Get in touch : contact@mostanantes.com<\/p>\n","protected":false},"author":1,"featured_media":4345,"parent":0,"menu_order":26,"comment_status":"closed","ping_status":"closed","template":"","meta":{"footnotes":""},"categories":[63],"tags":[],"class_list":["post-4344","page","type-page","status-publish","has-post-thumbnail","hentry","category-booking"],"_links":{"self":[{"href":"https:\/\/mostanantes.com\/index.php\/wp-json\/wp\/v2\/pages\/4344","targetHints":{"allow":["GET"]}}],"collection":[{"href":"https:\/\/mostanantes.com\/index.php\/wp-json\/wp\/v2\/pages"}],"about":[{"href":"https:\/\/mostanantes.com\/index.php\/wp-json\/wp\/v2\/types\/page"}],"author":[{"embeddable":true,"href":"https:\/\/mostanantes.com\/index.php\/wp-json\/wp\/v2\/users\/1"}],"replies":[{"embeddable":true,"href":"https:\/\/mostanantes.com\/index.php\/wp-json\/wp\/v2\/comments?post=4344"}],"version-history":[{"count":4,"href":"https:\/\/mostanantes.com\/index.php\/wp-json\/wp\/v2\/pages\/4344\/revisions"}],"predecessor-version":[{"id":4647,"href":"https:\/\/mostanantes.com\/index.php\/wp-json\/wp\/v2\/pages\/4344\/revisions\/4647"}],"wp:featuredmedia":[{"embeddable":true,"href":"https:\/\/mostanantes.com\/index.php\/wp-json\/wp\/v2\/media\/4345"}],"wp:attachment":[{"href":"https:\/\/mostanantes.com\/index.php\/wp-json\/wp\/v2\/media?parent=4344"}],"wp:term":[{"taxonomy":"category","embeddable":true,"href":"https:\/\/mostanantes.com\/index.php\/wp-json\/wp\/v2\/categories?post=4344"},{"taxonomy":"post_tag","embeddable":true,"href":"https:\/\/mostanantes.com\/index.php\/wp-json\/wp\/v2\/tags?post=4344"}],"curies":[{"name":"wp","href":"https:\/\/api.w.org\/{rel}","templated":true}]}}