{"id":4484,"date":"2024-12-10T00:00:50","date_gmt":"2024-12-09T23:00:50","guid":{"rendered":"https:\/\/mostanantes.com\/?page_id=4484"},"modified":"2026-01-19T11:37:44","modified_gmt":"2026-01-19T10:37:44","slug":"carjack","status":"publish","type":"page","link":"https:\/\/mostanantes.com\/index.php\/carjack\/","title":{"rendered":"CARJACK"},"content":{"rendered":"\n<h3 class=\"wp-block-heading has-text-align-center has-geist-font-family\">CARJACK<\/h3>\n\n\n\n<p class=\"has-text-align-center has-geist-font-family\">Nantes, FR<\/p>\n\n\n\n<figure class=\"wp-block-image size-full\"><img loading=\"lazy\" decoding=\"async\" width=\"1020\" height=\"1020\" src=\"https:\/\/mostanantes.com\/wp-content\/uploads\/2025\/10\/WhatsApp-Image-2025-10-28-at-12.39.28-e1761664829473.jpeg\" alt=\"\" class=\"wp-image-4489\" srcset=\"https:\/\/mostanantes.com\/wp-content\/uploads\/2025\/10\/WhatsApp-Image-2025-10-28-at-12.39.28-e1761664829473.jpeg 1020w, https:\/\/mostanantes.com\/wp-content\/uploads\/2025\/10\/WhatsApp-Image-2025-10-28-at-12.39.28-e1761664829473-150x150.jpeg 150w, https:\/\/mostanantes.com\/wp-content\/uploads\/2025\/10\/WhatsApp-Image-2025-10-28-at-12.39.28-e1761664829473-768x768.jpeg 768w\" sizes=\"auto, (max-width: 1020px) 100vw, 1020px\" \/><\/figure>\n\n\n\n<details class=\"wp-block-details has-geist-font-family is-layout-flow wp-block-details-is-layout-flow\" open><summary><em>FR<\/em><\/summary>\n<p class=\"has-text-align-left has-geist-font-family\">Carjack, le quatuor issu de l&rsquo;\u00e9mulsion punk Nantaise (The Parachute, Kill an idol, MEDICIS) et dernier ajout\u00e9 au roaster MOST\u00c4 assume sans complexe son h\u00e9ritage underground, distillant un set nerveux et pr\u00e9cis qui met imm\u00e9diatement le public dans de bonnes dispositions.<\/p>\n\n\n\n<p>Quelque part entre Powerplant, Oh Sees, Fuzz ou encore Chalk, le quatuor triture ses influences et creuse son sillon dans un garage sonore o\u00f9 saturations et pulsations analogiques cohabitent sans friction.<\/p>\n\n\n\n<p>Le synth\u00e9, omnipr\u00e9sent mais jamais envahissant, vient \u00e9lectriser des riffs de guitare abrasifs et une basse motorik qui mart\u00e8le sans rel\u00e2che. Derri\u00e8re, une batterie m\u00e9tronomique qui impulse une dynamique implacable. Le r\u00e9sultat ? Une d\u00e9charge d&rsquo;\u00e9nergie brute, \u00e0 la fois hypnotique et explosive, qui oscille entre tension cold et fureur garage.<\/p>\n\n\n\n<p class=\"has-text-align-left has-geist-font-family\">Sur sc\u00e8ne, Carjack ne cherche pas \u00e0 plaire : il s&rsquo;impose. Le groupe d\u00e9gaine des morceaux courts et secs, carburant \u00e0 l&rsquo;urgence, o\u00f9 chaque break semble taill\u00e9 pour relancer la transe.<br>Un son taill\u00e9 pour les caves humides autant que pour les sc\u00e8nes br\u00fblantes, pens\u00e9 pour ceux qui aiment sentir la sueur de pr\u00e8s.<\/p>\n<\/details>\n\n\n\n<details class=\"wp-block-details has-geist-font-family is-layout-flow wp-block-details-is-layout-flow\"><summary><em>EN<\/em><\/summary>\n<p class=\"has-geist-font-family\">Carjack, the quartet born out of Nantes&rsquo; punk scene (The Parachute, Kill an Idol, MEDICIS) and the latest addition to the MOST\u00c4 roster, unapologetically embraces its underground heritage, delivering a tense and precise set that immediately puts the audience in a good mood.<\/p>\n\n\n\n<p>Somewhere between Powerplant, Oh Sees, Fuzz and Chalk, the quartet mixes its influences and carves out its own niche in a garage sound where saturation and analogue pulsations coexist without friction.<\/p>\n\n\n\n<p>The synth, omnipresent but never intrusive, electrifies abrasive guitar riffs and a relentless motorik bassline. Behind it all, metronomic drums drive the relentless momentum. The result? A burst of raw energy, both hypnotic and explosive, oscillating between cold tension and garage fury.<\/p>\n\n\n\n<p>On stage, Carjack doesn&rsquo;t seek to please: it imposes itself. The band unleashes short, sharp tracks, fuelled by urgency, where each break seems tailor-made to reignite the trance.<br>A sound tailor-made for damp basements as much as for scorching stages, designed for those who like to feel the sweat up close.<\/p>\n\n\n\n<p class=\"has-geist-font-family\">Translated with DeepL.com (free version)<\/p>\n<\/details>\n\n\n\n<blockquote class=\"wp-block-quote is-layout-flow wp-block-quote-is-layout-flow\">\n<p><\/p>\n<\/blockquote>\n\n\n\n<blockquote class=\"wp-block-quote is-layout-flow wp-block-quote-is-layout-flow\">\n<p><\/p>\n<\/blockquote>\n\n\n\n<h4 class=\"wp-block-heading has-text-align-center has-geist-font-family\">LATEST RELEASE<\/h4>\n\n\n\n<div class=\"wp-block-media-text is-stacked-on-mobile\"><figure class=\"wp-block-media-text__media\"><img loading=\"lazy\" decoding=\"async\" width=\"2560\" height=\"2560\" src=\"https:\/\/mostanantes.com\/wp-content\/uploads\/2025\/12\/antfa-scaled.png\" alt=\"\" class=\"wp-image-4778 size-full\" srcset=\"https:\/\/mostanantes.com\/wp-content\/uploads\/2025\/12\/antfa-scaled.png 2560w, https:\/\/mostanantes.com\/wp-content\/uploads\/2025\/12\/antfa-150x150.png 150w, https:\/\/mostanantes.com\/wp-content\/uploads\/2025\/12\/antfa-768x768.png 768w, https:\/\/mostanantes.com\/wp-content\/uploads\/2025\/12\/antfa-1536x1536.png 1536w, https:\/\/mostanantes.com\/wp-content\/uploads\/2025\/12\/antfa-2048x2048.png 2048w\" sizes=\"auto, (max-width: 2560px) 100vw, 2560px\" \/><\/figure><div class=\"wp-block-media-text__content\">\n<p class=\"has-text-align-right has-geist-font-family has-extra-large-font-size\"><strong>ANTFA &#8211; SINGLE 2025<\/strong><\/p>\n<\/div><\/div>\n\n\n\n<h4 class=\"wp-block-heading has-text-align-center has-geist-font-family\">NEXT SHOWS<\/h4>\n\n\n\n<p class=\"has-text-align-center has-geist-font-family\">more shows coming soon..<\/p>\n\n\n\n<p class=\"has-text-align-center has-geist-font-family\">Get in touch : contact@mostanantes.com<\/p>\n","protected":false},"excerpt":{"rendered":"<p>CARJACK Nantes, FR LATEST RELEASE ANTFA &#8211; SINGLE 2025 NEXT SHOWS more shows coming soon.. Get in touch : contact@mostanantes.com<\/p>\n","protected":false},"author":1,"featured_media":4489,"parent":0,"menu_order":13,"comment_status":"closed","ping_status":"closed","template":"","meta":{"footnotes":""},"categories":[63],"tags":[],"class_list":["post-4484","page","type-page","status-publish","has-post-thumbnail","hentry","category-booking"],"_links":{"self":[{"href":"https:\/\/mostanantes.com\/index.php\/wp-json\/wp\/v2\/pages\/4484","targetHints":{"allow":["GET"]}}],"collection":[{"href":"https:\/\/mostanantes.com\/index.php\/wp-json\/wp\/v2\/pages"}],"about":[{"href":"https:\/\/mostanantes.com\/index.php\/wp-json\/wp\/v2\/types\/page"}],"author":[{"embeddable":true,"href":"https:\/\/mostanantes.com\/index.php\/wp-json\/wp\/v2\/users\/1"}],"replies":[{"embeddable":true,"href":"https:\/\/mostanantes.com\/index.php\/wp-json\/wp\/v2\/comments?post=4484"}],"version-history":[{"count":7,"href":"https:\/\/mostanantes.com\/index.php\/wp-json\/wp\/v2\/pages\/4484\/revisions"}],"predecessor-version":[{"id":4782,"href":"https:\/\/mostanantes.com\/index.php\/wp-json\/wp\/v2\/pages\/4484\/revisions\/4782"}],"wp:featuredmedia":[{"embeddable":true,"href":"https:\/\/mostanantes.com\/index.php\/wp-json\/wp\/v2\/media\/4489"}],"wp:attachment":[{"href":"https:\/\/mostanantes.com\/index.php\/wp-json\/wp\/v2\/media?parent=4484"}],"wp:term":[{"taxonomy":"category","embeddable":true,"href":"https:\/\/mostanantes.com\/index.php\/wp-json\/wp\/v2\/categories?post=4484"},{"taxonomy":"post_tag","embeddable":true,"href":"https:\/\/mostanantes.com\/index.php\/wp-json\/wp\/v2\/tags?post=4484"}],"curies":[{"name":"wp","href":"https:\/\/api.w.org\/{rel}","templated":true}]}}