{"id":4626,"date":"2024-10-30T12:10:51","date_gmt":"2024-10-30T11:10:51","guid":{"rendered":"https:\/\/mostanantes.com\/?page_id=4626"},"modified":"2026-01-21T11:27:36","modified_gmt":"2026-01-21T10:27:36","slug":"rest-up","status":"publish","type":"page","link":"https:\/\/mostanantes.com\/index.php\/rest-up\/","title":{"rendered":"REST UP"},"content":{"rendered":"\n<h3 class=\"wp-block-heading has-text-align-center has-geist-font-family\">REST UP<\/h3>\n\n\n\n<p class=\"has-text-align-center has-geist-font-family\">Angers, FR<\/p>\n\n\n\n<figure class=\"wp-block-image size-full\"><img decoding=\"async\" src=\"https:\/\/mostanantes.com\/wp-content\/uploads\/2025\/11\/Photo-2-\u00a9-Valentin-Godineau-scaled.jpg\" alt=\"\" class=\"wp-image-4627\"\/><\/figure>\n\n\n\n<p class=\"has-text-align-right has-geist-font-family has-tiny-font-size\">@ Valentin Godineau<\/p>\n\n\n\n<details class=\"wp-block-details has-geist-font-family is-layout-flow wp-block-details-is-layout-flow\" open><summary><em>FR<\/em><\/summary>\n<p class=\"has-text-align-left has-geist-font-family\">Rest Up, trio angevin \u00e0 l\u2019\u00e9nergie effr\u00e9n\u00e9e, se forme en 2021. Rapidement, ils composent puis font leurs premi\u00e8res sc\u00e8nes, impatients de se frotter \u00e0 la sensation du live. Apr\u00e8s deux EP remarqu\u00e9s, ils s\u2019appr\u00eatent \u00e0 d\u00e9voiler le 26 septembre leur premier album, <em>Real Sensations<\/em>. Entour\u00e9s une fois de plus de Daniel Fox (Gilla Band), ils ont eu la chance d\u2019enregistrer \u00e0 ses c\u00f4t\u00e9s en Angleterre \u00e0 Eastbourne au sein d\u2019Echo Zoo, studio qui a \u00e9galement accueilli les Lambrini Girls.<\/p>\n\n\n\n<p><em>Real Sensations<\/em> dessine un \u00e9tat des lieux \u00e9motionnel des musiciens o\u00f9 en creux, ils d\u00e9couvrent, improvisent et parfois se trompent. Les exp\u00e9riences fleurissent, entre espoir, romance et acceptation. Dans une approche art punk, les musiciens foncent, avec cette insouciance ma\u00eetris\u00e9e qui les caract\u00e9rise. Leur sensibilit\u00e9 est plus assum\u00e9e et leur travail, plus approfondi. L\u2019urgence n\u2019existe plus, elle laisse place \u00e0 l\u2019exp\u00e9rimentation des textures et \u00e0 des plages plus calmes, pens\u00e9es pour le live.&nbsp;<\/p>\n\n\n\n<p class=\"has-text-align-left has-geist-font-family\">En attendant, ils ont \u00e9t\u00e9 remarqu\u00e9s par les labels Le C\u00e8pe Records (France) et par EXAG\u2019 Records (Belgique).<\/p>\n<\/details>\n\n\n\n<details class=\"wp-block-details has-geist-font-family is-layout-flow wp-block-details-is-layout-flow\"><summary><em>EN<\/em><\/summary>\n<p class=\"has-geist-font-family\"><\/p>\n<\/details>\n\n\n\n<blockquote class=\"wp-block-quote is-layout-flow wp-block-quote-is-layout-flow\">\n<p><\/p>\n<\/blockquote>\n\n\n\n<blockquote class=\"wp-block-quote is-layout-flow wp-block-quote-is-layout-flow\">\n<p><\/p>\n<\/blockquote>\n\n\n\n<h4 class=\"wp-block-heading has-text-align-center has-geist-font-family\">LATEST RELEASE<\/h4>\n\n\n\n<div class=\"wp-block-media-text is-stacked-on-mobile\"><figure class=\"wp-block-media-text__media\"><a href=\"https:\/\/restuplads.bandcamp.com\/album\/real-sensations-2\"><img loading=\"lazy\" decoding=\"async\" width=\"1200\" height=\"1200\" src=\"https:\/\/mostanantes.com\/wp-content\/uploads\/2025\/11\/a4294839125_10.jpg\" alt=\"\" class=\"wp-image-4628 size-full\" srcset=\"https:\/\/mostanantes.com\/wp-content\/uploads\/2025\/11\/a4294839125_10.jpg 1200w, https:\/\/mostanantes.com\/wp-content\/uploads\/2025\/11\/a4294839125_10-150x150.jpg 150w, https:\/\/mostanantes.com\/wp-content\/uploads\/2025\/11\/a4294839125_10-768x768.jpg 768w\" sizes=\"auto, (max-width: 1200px) 100vw, 1200px\" \/><\/a><\/figure><div class=\"wp-block-media-text__content\">\n<p class=\"has-text-align-right has-geist-font-family has-extra-large-font-size\"><strong>REAL SENSATION &#8211; LP 2025<\/strong><\/p>\n<\/div><\/div>\n\n\n\n<figure class=\"wp-block-embed is-type-video is-provider-youtube wp-block-embed-youtube wp-embed-aspect-16-9 wp-has-aspect-ratio\"><div class=\"wp-block-embed__wrapper\">\n<iframe loading=\"lazy\" title=\"Rest Up - Weekend Girlfriend (Official Video)\" width=\"500\" height=\"281\" src=\"https:\/\/www.youtube.com\/embed\/mSwTQDfM0V8?feature=oembed\" frameborder=\"0\" allow=\"accelerometer; autoplay; clipboard-write; encrypted-media; gyroscope; picture-in-picture; web-share\" referrerpolicy=\"strict-origin-when-cross-origin\" allowfullscreen><\/iframe>\n<\/div><\/figure>\n\n\n\n<h4 class=\"wp-block-heading has-text-align-center has-geist-font-family\">LIVE SESSION<\/h4>\n\n\n\n<figure class=\"wp-block-embed is-type-video is-provider-youtube wp-block-embed-youtube wp-embed-aspect-16-9 wp-has-aspect-ratio\"><div class=\"wp-block-embed__wrapper\">\n<iframe loading=\"lazy\" title=\"SUN Music Addict | Rest Up\" width=\"500\" height=\"281\" src=\"https:\/\/www.youtube.com\/embed\/Ptr9N6jjcak?feature=oembed\" frameborder=\"0\" allow=\"accelerometer; autoplay; clipboard-write; encrypted-media; gyroscope; picture-in-picture; web-share\" referrerpolicy=\"strict-origin-when-cross-origin\" allowfullscreen><\/iframe>\n<\/div><\/figure>\n\n\n\n<h4 class=\"wp-block-heading has-text-align-center has-geist-font-family\">NEXT SHOWS<\/h4>\n\n\n\n<p class=\"has-text-align-center has-geist-font-family\">more shows coming soon<\/p>\n\n\n\n\n\n<h4 class=\"wp-block-heading has-text-align-center has-geist-font-family\"><\/h4>\n\n\n\n<p class=\"has-text-align-center has-geist-font-family\">Get in touch : contact@mostanantes.com<\/p>\n","protected":false},"excerpt":{"rendered":"<p>REST UP Angers, FR @ Valentin Godineau LATEST RELEASE REAL SENSATION &#8211; LP 2025 LIVE SESSION NEXT SHOWS more shows coming soon Get in touch : contact@mostanantes.com<\/p>\n","protected":false},"author":1,"featured_media":4627,"parent":0,"menu_order":20,"comment_status":"closed","ping_status":"closed","template":"","meta":{"footnotes":""},"categories":[63],"tags":[],"class_list":["post-4626","page","type-page","status-publish","has-post-thumbnail","hentry","category-booking"],"_links":{"self":[{"href":"https:\/\/mostanantes.com\/index.php\/wp-json\/wp\/v2\/pages\/4626","targetHints":{"allow":["GET"]}}],"collection":[{"href":"https:\/\/mostanantes.com\/index.php\/wp-json\/wp\/v2\/pages"}],"about":[{"href":"https:\/\/mostanantes.com\/index.php\/wp-json\/wp\/v2\/types\/page"}],"author":[{"embeddable":true,"href":"https:\/\/mostanantes.com\/index.php\/wp-json\/wp\/v2\/users\/1"}],"replies":[{"embeddable":true,"href":"https:\/\/mostanantes.com\/index.php\/wp-json\/wp\/v2\/comments?post=4626"}],"version-history":[{"count":2,"href":"https:\/\/mostanantes.com\/index.php\/wp-json\/wp\/v2\/pages\/4626\/revisions"}],"predecessor-version":[{"id":4772,"href":"https:\/\/mostanantes.com\/index.php\/wp-json\/wp\/v2\/pages\/4626\/revisions\/4772"}],"wp:featuredmedia":[{"embeddable":true,"href":"https:\/\/mostanantes.com\/index.php\/wp-json\/wp\/v2\/media\/4627"}],"wp:attachment":[{"href":"https:\/\/mostanantes.com\/index.php\/wp-json\/wp\/v2\/media?parent=4626"}],"wp:term":[{"taxonomy":"category","embeddable":true,"href":"https:\/\/mostanantes.com\/index.php\/wp-json\/wp\/v2\/categories?post=4626"},{"taxonomy":"post_tag","embeddable":true,"href":"https:\/\/mostanantes.com\/index.php\/wp-json\/wp\/v2\/tags?post=4626"}],"curies":[{"name":"wp","href":"https:\/\/api.w.org\/{rel}","templated":true}]}}