{"id":4738,"date":"2025-12-23T11:17:10","date_gmt":"2025-12-23T10:17:10","guid":{"rendered":"https:\/\/mostanantes.com\/?page_id=4738"},"modified":"2026-01-19T11:37:44","modified_gmt":"2026-01-19T10:37:44","slug":"guinea","status":"publish","type":"page","link":"https:\/\/mostanantes.com\/index.php\/guinea\/","title":{"rendered":"GUINEA"},"content":{"rendered":"\n<h5 class=\"wp-block-heading has-text-align-center has-geist-font-family\"><strong>MOST\u00c4 GUINEA<\/strong><\/h5>\n\n\n\n<div class=\"alignnormal\"><div id=\"metaslider-id-4746\" style=\"width: 100%;\" class=\"ml-slider-3-101-0 metaslider metaslider-flex metaslider-4746 ml-slider has-dots-nav ms-theme-default-base\" role=\"region\" aria-label=\"GUINEA\">\n    <div id=\"metaslider_container_4746\">\n        <div id=\"metaslider_4746\">\n            <ul aria-live='off' class='slides'>\n                <li style=\"display: block; width: 100%;\" class=\"slide-4753 ms-image \" aria-roledescription=\"slide\" data-date=\"2025-12-23 11:28:55\"><img decoding=\"async\" src=\"https:\/\/mostanantes.com\/wp-content\/uploads\/2025\/12\/1-0x0.png\" alt=\"\" class=\"slider-4746 slide-4753 msDefaultImage\" title=\"1\" \/><\/li>\n                <li style=\"display: none; width: 100%;\" class=\"slide-4754 ms-image \" aria-roledescription=\"slide\" data-date=\"2025-12-23 11:28:55\"><img decoding=\"async\" src=\"https:\/\/mostanantes.com\/wp-content\/uploads\/2025\/12\/2-0x0.png\" alt=\"\" class=\"slider-4746 slide-4754 msDefaultImage\" title=\"2\" \/><\/li>\n                <li style=\"display: none; width: 100%;\" class=\"slide-4758 ms-image \" aria-roledescription=\"slide\" data-date=\"2025-12-23 11:28:55\"><img decoding=\"async\" src=\"https:\/\/mostanantes.com\/wp-content\/uploads\/2025\/12\/4-0x0.png\" alt=\"\" class=\"slider-4746 slide-4758 msDefaultImage\" title=\"4\" \/><\/li>\n                <li style=\"display: none; width: 100%;\" class=\"slide-4755 ms-image \" aria-roledescription=\"slide\" data-date=\"2025-12-23 11:28:55\"><img decoding=\"async\" src=\"https:\/\/mostanantes.com\/wp-content\/uploads\/2025\/12\/4health-0x0.png\" alt=\"\" class=\"slider-4746 slide-4755 msDefaultImage\" title=\"4health\" \/><\/li>\n                <li style=\"display: none; width: 100%;\" class=\"slide-4756 ms-image \" aria-roledescription=\"slide\" data-date=\"2025-12-23 11:28:55\"><img decoding=\"async\" src=\"https:\/\/mostanantes.com\/wp-content\/uploads\/2025\/12\/5-0x0.png\" alt=\"\" class=\"slider-4746 slide-4756 msDefaultImage\" title=\"5\" \/><\/li>\n                <li style=\"display: none; width: 100%;\" class=\"slide-4757 ms-image \" aria-roledescription=\"slide\" data-date=\"2025-12-23 11:28:55\"><img decoding=\"async\" src=\"https:\/\/mostanantes.com\/wp-content\/uploads\/2025\/12\/6-0x0.png\" alt=\"\" class=\"slider-4746 slide-4757 msDefaultImage\" title=\"6\" \/><\/li>\n            <\/ul>\n        <\/div>\n        \n    <\/div>\n<\/div><\/div>\n\n\n\n<hr class=\"wp-block-separator has-alpha-channel-opacity\"\/>\n\n\n\n<p class=\"has-text-align-center has-geist-font-family\"><strong>Musique, Science et Sant\u00e9 &#8211; Vecteurs de lien social et de sensibilisation \u00e0 l\u2019environnement<\/strong><\/p>\n\n\n\n<p class=\"has-text-align-center has-geist-font-family\">Dans le cadre d\u2019un projet ax\u00e9 autour de la musique, de la sant\u00e9 et de l\u2019environnement, l\u2019association nantaise <strong>MOST\u00c4<\/strong> se greffe \u00e0 l\u2019<strong>IRD<\/strong> &#8211; Institut de Recherche pour le D\u00e9veloppement, afin de participer \u00e0 un programme visant \u00e0 sensibiliser et susciter le lien social entre habitants, scientifiques et musiciens en Guin\u00e9e<\/p>\n\n\n\n<p class=\"has-text-align-center has-geist-font-family\"><strong>Contexte<\/strong><\/p>\n\n\n\n<p class=\"has-text-align-center has-geist-font-family\">Les villages de la pr\u00e9fecture de For\u00e9cariah en Guin\u00e9e maritime sont des foyers actifs de la trypanosomiase humaine africaine (THA, ou maladie du sommeil).&nbsp;<\/p>\n\n\n\n<p class=\"has-text-align-center has-geist-font-family\">La THA est une maladie infectieuse parasitaire zoonotique, transmise par la mouche tsetse lors de contact entre l&rsquo;\u00eatre humain et l&rsquo;habitat de la mouche, les v\u00e9g\u00e9tations humides. L&rsquo;\u00e9pid\u00e9miologie de la maladie est intimement li\u00e9e aux activit\u00e9s agricoles, \u00e0 l&rsquo;exploitation et \u00e0 la d\u00e9gradation des v\u00e9g\u00e9tations humides (mangroves, for\u00eats humides). La lutte doit donc suivre une approche One Health (une seule sant\u00e9), c&rsquo;est-\u00e0-dire en int\u00e9grant au m\u00eame titre les dimensions li\u00e9es \u00e0 la sant\u00e9 humaine, animale et environnementale.<\/p>\n\n\n\n<p class=\"has-text-align-center has-geist-font-family\">Dans le cadre du groupe de travail Music4Health de la communaut\u00e9 de savoir (CoSav) One Health de l&rsquo;Institut de Recherche pour le D\u00e9veloppement (IRD), une mission de sensibilisation aux enjeux de la lutte contre la THA sera men\u00e9e du 15\/02\/2026 au 22\/02\/2026. Cette sensibilisation sera une exp\u00e9rience de co-construction musicale avec des artistes guin\u00e9ens et les communaut\u00e9s locales. L\u2019association MOST\u00c4 participera donc \u00e0 cette action et aura pour but de capturer ces moments \u00e0 travers des enregistrements audios et visuels et d\u2019en assurer la production et les rendus.&nbsp;<\/p>\n\n\n\n<p class=\"has-text-align-center has-geist-font-family\"><strong>Objectifs<\/strong><\/p>\n\n\n\n<p class=\"has-text-align-center has-geist-font-family\">Sensibiliser les communaut\u00e9s locales aux enjeux crois\u00e9s de sant\u00e9 humaine et environnementale, autour de la THA.&nbsp;<\/p>\n\n\n\n<p class=\"has-text-align-center has-geist-font-family\">La composition et enregistrement d&rsquo;une chanson en langue locale par village.&nbsp;<\/p>\n\n\n\n<p class=\"has-text-align-center has-geist-font-family\">Le mixage et la production des chansons dans un album qui sera diffus\u00e9 dans les radios locales, \u00e0 but de sensibilisation.<\/p>\n\n\n\n<p class=\"has-text-align-center has-geist-font-family\"><strong>L&rsquo;IRD en Guin\u00e9e<\/strong><\/p>\n\n\n\n<p class=\"has-text-align-center has-geist-font-family\">L&rsquo;IRD appuie diff\u00e9rents partenaires locaux en Guin\u00e9e depuis de nombreuses ann\u00e9es. Sur la th\u00e9matique One Health et de la THA, deux chercheurs IRD sont actuellement accueillis dans des institutions locales: un au Programme Nationale de Lutte contre les Maladies Tropicales N\u00e9glig\u00e9es (PNLMTN), Jean-Mathieu Bart (UMR INTERTRYP), et un \u00e0 l&rsquo;Institut de Recherche en Environnement de Guin\u00e9e (IREG), Dimitri Justeau-Allaire (UMR AMAP).<\/p>\n\n\n\n<p class=\"has-text-align-center has-geist-font-family\">La mission est organis\u00e9e par l&rsquo;IRD et ses partenaires, dans une zone o\u00f9 le PNLMTN et l&rsquo;UMR INTERTRYP travaillent depuis plusieurs ann\u00e9es. Ils disposent donc d&rsquo;une connaissance du terrain approfondie et pourront faciliter la mise en place des activit\u00e9s propos\u00e9es par l&rsquo;association MOST\u00c4 pour soutenir cette mission de sensibilisation.<\/p>\n\n\n\n<p class=\"has-text-align-center has-geist-font-family\"><strong>Une campagne de distribution de mat\u00e9riel de musique<\/strong><\/p>\n\n\n\n<p class=\"has-text-align-center has-geist-font-family\">Cette tourn\u00e9e de sensibilisation sera \u00e9galement l\u2019occasion pour l\u2019association MOST\u00c4 de distribuer du mat\u00e9riel aux musiciens locaux. En l\u2019absence de magasin de musique sur le territoire guin\u00e9en, les plus petits \u00e9l\u00e9ments aidant les pratiques musicales sont extr\u00eamement difficiles \u00e0 se procurer.<\/p>\n\n\n\n<p class=\"has-text-align-center has-geist-font-family\">A l\u2019occasion de ce voyage, l\u2019association souhaite allouer deux valises de mat\u00e9riel qu\u2019elle distribuera sur place. Un appel aux dons sera en amont lanc\u00e9 en France.&nbsp;<\/p>\n\n\n\n<p class=\"has-text-align-center has-geist-font-family\"><strong>Autres actions<\/strong><\/p>\n\n\n\n<p class=\"has-text-align-center has-geist-font-family\">L\u2019association MOST\u00c4 souhaite mettre en place d\u2019autres actions lors de son s\u00e9jour en Guin\u00e9e. Ces actions seront \u00e0 r\u00e9fl\u00e9chir et \u00e0 mettre en \u0153uvre une fois sur place en tenant compte des sp\u00e9cificit\u00e9s du territoire et en lien avec les acteurs locaux. Certaines id\u00e9es commencent \u00e0 \u00e9merger : organisation de concerts, sc\u00e8nes ouvertes, ateliers de production musicale..&nbsp;<\/p>\n\n\n\n<p class=\"has-text-align-center has-geist-font-family\">Un rapport sera effectu\u00e9 \u00e0 l&rsquo;issue de ce s\u00e9jour afin de tirer un bilan des actions effectu\u00e9es et de la mani\u00e8re dont elles peuvent s&rsquo;inscrire dans une d\u00e9marche durable.<\/p>\n\n\n\n<figure class=\"wp-block-image aligncenter size-full is-resized\"><img loading=\"lazy\" decoding=\"async\" width=\"2560\" height=\"560\" src=\"https:\/\/mostanantes.com\/wp-content\/uploads\/2025\/12\/logoIRD_Horizontal_Baseline_FR-scaled.png\" alt=\"\" class=\"wp-image-4743\" style=\"aspect-ratio:4.545454748850837;width:275px;height:auto\" srcset=\"https:\/\/mostanantes.com\/wp-content\/uploads\/2025\/12\/logoIRD_Horizontal_Baseline_FR-scaled.png 2560w, https:\/\/mostanantes.com\/wp-content\/uploads\/2025\/12\/logoIRD_Horizontal_Baseline_FR-150x33.png 150w, https:\/\/mostanantes.com\/wp-content\/uploads\/2025\/12\/logoIRD_Horizontal_Baseline_FR-768x168.png 768w, https:\/\/mostanantes.com\/wp-content\/uploads\/2025\/12\/logoIRD_Horizontal_Baseline_FR-1536x336.png 1536w, https:\/\/mostanantes.com\/wp-content\/uploads\/2025\/12\/logoIRD_Horizontal_Baseline_FR-2048x448.png 2048w\" sizes=\"auto, (max-width: 2560px) 100vw, 2560px\" \/><\/figure>\n\n\n\n<p><\/p>\n","protected":false},"excerpt":{"rendered":"<p>MOST\u00c4 GUINEA Musique, Science et Sant\u00e9 &#8211; Vecteurs de lien social et de sensibilisation \u00e0 l\u2019environnement Dans le cadre d\u2019un projet ax\u00e9 autour de la musique, de la sant\u00e9 et de l\u2019environnement, l\u2019association nantaise MOST\u00c4 se greffe \u00e0 l\u2019IRD &#8211; Institut de Recherche pour le D\u00e9veloppement, afin de participer \u00e0 un programme visant \u00e0 sensibiliser [&hellip;]<\/p>\n","protected":false},"author":1,"featured_media":0,"parent":0,"menu_order":2,"comment_status":"closed","ping_status":"closed","template":"","meta":{"footnotes":""},"categories":[],"tags":[],"class_list":["post-4738","page","type-page","status-publish","hentry"],"_links":{"self":[{"href":"https:\/\/mostanantes.com\/index.php\/wp-json\/wp\/v2\/pages\/4738","targetHints":{"allow":["GET"]}}],"collection":[{"href":"https:\/\/mostanantes.com\/index.php\/wp-json\/wp\/v2\/pages"}],"about":[{"href":"https:\/\/mostanantes.com\/index.php\/wp-json\/wp\/v2\/types\/page"}],"author":[{"embeddable":true,"href":"https:\/\/mostanantes.com\/index.php\/wp-json\/wp\/v2\/users\/1"}],"replies":[{"embeddable":true,"href":"https:\/\/mostanantes.com\/index.php\/wp-json\/wp\/v2\/comments?post=4738"}],"version-history":[{"count":6,"href":"https:\/\/mostanantes.com\/index.php\/wp-json\/wp\/v2\/pages\/4738\/revisions"}],"predecessor-version":[{"id":4763,"href":"https:\/\/mostanantes.com\/index.php\/wp-json\/wp\/v2\/pages\/4738\/revisions\/4763"}],"wp:attachment":[{"href":"https:\/\/mostanantes.com\/index.php\/wp-json\/wp\/v2\/media?parent=4738"}],"wp:term":[{"taxonomy":"category","embeddable":true,"href":"https:\/\/mostanantes.com\/index.php\/wp-json\/wp\/v2\/categories?post=4738"},{"taxonomy":"post_tag","embeddable":true,"href":"https:\/\/mostanantes.com\/index.php\/wp-json\/wp\/v2\/tags?post=4738"}],"curies":[{"name":"wp","href":"https:\/\/api.w.org\/{rel}","templated":true}]}}