{"id":4839,"date":"2024-11-03T11:28:30","date_gmt":"2024-11-03T10:28:30","guid":{"rendered":"https:\/\/mostanantes.com\/?page_id=4839"},"modified":"2026-01-21T11:42:44","modified_gmt":"2026-01-21T10:42:44","slug":"naked-soft-men","status":"publish","type":"page","link":"https:\/\/mostanantes.com\/index.php\/naked-soft-men\/","title":{"rendered":"NAKED SOFT MEN"},"content":{"rendered":"\n<h3 class=\"wp-block-heading has-text-align-center has-geist-font-family\">NAKED SOFT MEN<\/h3>\n\n\n\n<p class=\"has-text-align-center has-geist-font-family\">Lille, FR<\/p>\n\n\n\n<figure class=\"wp-block-image size-full is-resized\"><img loading=\"lazy\" decoding=\"async\" width=\"1080\" height=\"1080\" src=\"https:\/\/mostanantes.com\/wp-content\/uploads\/2026\/01\/PP_26.png\" alt=\"\" class=\"wp-image-4841\" style=\"width:630px;height:auto\" srcset=\"https:\/\/mostanantes.com\/wp-content\/uploads\/2026\/01\/PP_26.png 1080w, https:\/\/mostanantes.com\/wp-content\/uploads\/2026\/01\/PP_26-150x150.png 150w, https:\/\/mostanantes.com\/wp-content\/uploads\/2026\/01\/PP_26-768x768.png 768w\" sizes=\"auto, (max-width: 1080px) 100vw, 1080px\" \/><\/figure>\n\n\n\n<details class=\"wp-block-details has-geist-font-family is-layout-flow wp-block-details-is-layout-flow\" open><summary><em>FR<\/em><\/summary>\n<p class=\"has-text-align-left has-geist-font-family\">Le trio lillois Naked Soft Men recrache les codes du punk et du rock garage pour vous servir des boucles absurdes, exaltantes, qui vous veulent du bien et vous feront danser. Leurs morceaux lancinants \u00e9prouv\u00e9s sur une centaine de dates aux quatre coins de France et au Royaume-Uni raviront les fans de Viagra Boys ou Warmduscher, avec une \u00e9nergie sc\u00e9nique particuli\u00e8rement communicative.<br>Apr\u00e8s deux premiers EP &lsquo;Kapsalon&rsquo; (2022) et &lsquo;Bad Daddy&rsquo; (2024), Naked Soft Men d\u00e9voilent un premier album \u00e9ponyme attendu pour le vendredi 27 f\u00e9vrier 2026.<\/p>\n\n\n\n<p class=\"has-text-align-left has-geist-font-family\"><\/p>\n<\/details>\n\n\n\n<details class=\"wp-block-details has-geist-font-family is-layout-flow wp-block-details-is-layout-flow\"><summary><em>EN<\/em><\/summary>\n<p class=\"has-geist-font-family\">The Lille-based trio Naked Soft Men spits out punk and garage rock codes to serve you absurd, exhilarating loops that want you well and will make you dance. Their haunting tracks, tested on a hundred dates across France and the United Kingdom, will delight fans of Viagra Boys or Warmduscher, with a particularly infectious stage energy.<br>After their first two EPs, \u201cKapsalon\u201d (2022) and \u201cBad Daddy\u201d (2024), Naked Soft Men are set to release their eponymous debut album on Friday 27 February 2026.<\/p>\n<\/details>\n\n\n\n<h4 class=\"wp-block-heading has-text-align-center has-geist-font-family\">LATEST RELEASE<\/h4>\n\n\n\n<div class=\"wp-block-media-text is-stacked-on-mobile\"><figure class=\"wp-block-media-text__media\"><a href=\"https:\/\/www.youtube.com\/watch?v=WgSFSHP9v9w&amp;list=RDWgSFSHP9v9w&amp;start_radio=1\"><img loading=\"lazy\" decoding=\"async\" width=\"811\" height=\"817\" src=\"https:\/\/mostanantes.com\/wp-content\/uploads\/2026\/01\/NAKEDSOFTMEN_LP2026_ARTWORK.jpg\" alt=\"\" class=\"wp-image-4847 size-full\" srcset=\"https:\/\/mostanantes.com\/wp-content\/uploads\/2026\/01\/NAKEDSOFTMEN_LP2026_ARTWORK.jpg 811w, https:\/\/mostanantes.com\/wp-content\/uploads\/2026\/01\/NAKEDSOFTMEN_LP2026_ARTWORK-150x150.jpg 150w, https:\/\/mostanantes.com\/wp-content\/uploads\/2026\/01\/NAKEDSOFTMEN_LP2026_ARTWORK-768x774.jpg 768w\" sizes=\"auto, (max-width: 811px) 100vw, 811px\" \/><\/a><\/figure><div class=\"wp-block-media-text__content\">\n<p class=\"has-text-align-center has-geist-font-family has-extra-large-font-size\"><strong>TROUBLE<\/strong><\/p>\n\n\n\n<p class=\"has-text-align-center has-geist-font-family has-extra-large-font-size\"><strong><em>(SINGLE 2025)<\/em><\/strong><\/p>\n<\/div><\/div>\n\n\n\n<figure class=\"wp-block-embed is-type-video is-provider-youtube wp-block-embed-youtube wp-embed-aspect-16-9 wp-has-aspect-ratio\"><div class=\"wp-block-embed__wrapper\">\n<iframe loading=\"lazy\" title=\"TROUBLE - NAKED SOFT MEN - OFFICIAL MUSIC VIDEO\" width=\"500\" height=\"281\" src=\"https:\/\/www.youtube.com\/embed\/DtY24DLoDdg?feature=oembed\" frameborder=\"0\" allow=\"accelerometer; autoplay; clipboard-write; encrypted-media; gyroscope; picture-in-picture; web-share\" referrerpolicy=\"strict-origin-when-cross-origin\" allowfullscreen><\/iframe>\n<\/div><\/figure>\n\n\n\n<h4 class=\"wp-block-heading has-text-align-center has-geist-font-family\">LIVE SESSION<\/h4>\n\n\n\n<figure class=\"wp-block-embed is-type-video is-provider-youtube wp-block-embed-youtube wp-embed-aspect-4-3 wp-has-aspect-ratio\"><div class=\"wp-block-embed__wrapper\">\n<iframe loading=\"lazy\" title=\"NAKED SOFT MEN - LIVE SESSION #2\" width=\"500\" height=\"375\" src=\"https:\/\/www.youtube.com\/embed\/71Z3jnhCMWM?feature=oembed\" frameborder=\"0\" allow=\"accelerometer; autoplay; clipboard-write; encrypted-media; gyroscope; picture-in-picture; web-share\" referrerpolicy=\"strict-origin-when-cross-origin\" allowfullscreen><\/iframe>\n<\/div><\/figure>\n\n\n\n<h4 class=\"wp-block-heading has-text-align-center has-geist-font-family\">NEXT SHOWS<\/h4>\n\n\n\n<figure class=\"wp-block-table has-geist-font-family\"><table class=\"has-fixed-layout\"><tbody><tr><td class=\"has-text-align-center\" data-align=\"center\">22\/04\/2026<\/td><td class=\"has-text-align-center\" data-align=\"center\">Nantes &#8211; MOST\u00c4 Festival<\/td><\/tr><\/tbody><\/table><\/figure>\n\n\n\n<p class=\"has-text-align-center has-geist-font-family\"><strong>DISPO FR. 21\/04 &#8211; 30\/04<\/strong><\/p>\n\n\n\n<p class=\"has-text-align-center has-geist-font-family\">Get in touch : contact@mostanantes.com<\/p>\n\n\n\n<p><\/p>\n","protected":false},"excerpt":{"rendered":"<p>NAKED SOFT MEN Lille, FR LATEST RELEASE TROUBLE (SINGLE 2025) LIVE SESSION NEXT SHOWS 22\/04\/2026 Nantes &#8211; MOST\u00c4 Festival DISPO FR. 21\/04 &#8211; 30\/04 Get in touch : contact@mostanantes.com<\/p>\n","protected":false},"author":1,"featured_media":4841,"parent":0,"menu_order":18,"comment_status":"closed","ping_status":"closed","template":"","meta":{"footnotes":""},"categories":[63],"tags":[],"class_list":["post-4839","page","type-page","status-publish","has-post-thumbnail","hentry","category-booking"],"_links":{"self":[{"href":"https:\/\/mostanantes.com\/index.php\/wp-json\/wp\/v2\/pages\/4839","targetHints":{"allow":["GET"]}}],"collection":[{"href":"https:\/\/mostanantes.com\/index.php\/wp-json\/wp\/v2\/pages"}],"about":[{"href":"https:\/\/mostanantes.com\/index.php\/wp-json\/wp\/v2\/types\/page"}],"author":[{"embeddable":true,"href":"https:\/\/mostanantes.com\/index.php\/wp-json\/wp\/v2\/users\/1"}],"replies":[{"embeddable":true,"href":"https:\/\/mostanantes.com\/index.php\/wp-json\/wp\/v2\/comments?post=4839"}],"version-history":[{"count":6,"href":"https:\/\/mostanantes.com\/index.php\/wp-json\/wp\/v2\/pages\/4839\/revisions"}],"predecessor-version":[{"id":4851,"href":"https:\/\/mostanantes.com\/index.php\/wp-json\/wp\/v2\/pages\/4839\/revisions\/4851"}],"wp:featuredmedia":[{"embeddable":true,"href":"https:\/\/mostanantes.com\/index.php\/wp-json\/wp\/v2\/media\/4841"}],"wp:attachment":[{"href":"https:\/\/mostanantes.com\/index.php\/wp-json\/wp\/v2\/media?parent=4839"}],"wp:term":[{"taxonomy":"category","embeddable":true,"href":"https:\/\/mostanantes.com\/index.php\/wp-json\/wp\/v2\/categories?post=4839"},{"taxonomy":"post_tag","embeddable":true,"href":"https:\/\/mostanantes.com\/index.php\/wp-json\/wp\/v2\/tags?post=4839"}],"curies":[{"name":"wp","href":"https:\/\/api.w.org\/{rel}","templated":true}]}}